{"id":8032,"date":"2024-11-04T15:11:15","date_gmt":"2024-11-04T14:11:15","guid":{"rendered":"https:\/\/pp-campinglebellevue.naskigo-data.ngsrv.eu\/nos-hebergements\/"},"modified":"2025-11-18T10:14:27","modified_gmt":"2025-11-18T09:14:27","slug":"unsere-unterkunfte","status":"publish","type":"page","link":"https:\/\/www.camping-lebellevue.fr\/de\/unsere-unterkunfte\/","title":{"rendered":"Unsere Unterk\u00fcnfte"},"content":{"rendered":"<p>Das Freiluftdorf Le Bellevue bietet Ihnen komfortable Unterk\u00fcnfte mit Meerblick, damit Sie unvergessliche Momente mit Ihrer Familie verbringen k\u00f6nnen. Genie\u00dfen Sie das perfekte Gleichgewicht zwischen Geselligkeit und Privatsph\u00e4re auf unserem 100% fu\u00dfg\u00e4ngerfreundlichen Campingplatz.<br \/>\n<strong>Wir stellen Ihnen verschiedene Unterk\u00fcnfte zur Verf\u00fcgung, um all Ihren<br \/>\nW\u00fcnschen gerecht zu werden.<br \/>\n<\/strong><\/p>\n","protected":false},"excerpt":{"rendered":"<p>Das Freiluftdorf Le Bellevue bietet Ihnen komfortable Unterk\u00fcnfte mit Meerblick, damit Sie unvergessliche Momente mit Ihrer Familie verbringen k\u00f6nnen. Genie\u00dfen Sie das perfekte Gleichgewicht zwischen Geselligkeit und Privatsph\u00e4re auf unserem 100% fu\u00dfg\u00e4ngerfreundlichen Campingplatz. Wir stellen Ihnen verschiedene Unterk\u00fcnfte zur Verf\u00fcgung, um all Ihren W\u00fcnschen gerecht zu werden.<\/p>\n","protected":false},"author":1,"featured_media":8024,"parent":0,"menu_order":0,"comment_status":"closed","ping_status":"closed","template":"page-template-hebergements.php","meta":{"_acf_changed":false,"footnotes":""},"class_list":["post-8032","page","type-page","status-publish","has-post-thumbnail","hentry"],"acf":[],"yoast_head":"<title>Mobilheim La Tranche-sur-Mer - Camping Bellevue<\/title>\n<meta name=\"description\" content=\"Entdecken Sie unsere gro\u00dfe Auswahl an komfortablen Unterk\u00fcnften mit Meerblick!\" \/>\n<meta name=\"robots\" content=\"index, follow, max-snippet:-1, max-image-preview:large, max-video-preview:-1\" \/>\n<link rel=\"canonical\" href=\"https:\/\/www.camping-lebellevue.fr\/de\/unsere-unterkunfte\/\" \/>\n<meta property=\"og:locale\" content=\"de_DE\" \/>\n<meta property=\"og:type\" content=\"article\" \/>\n<meta property=\"og:title\" content=\"Mobilheim La Tranche-sur-Mer - Camping Bellevue\" \/>\n<meta property=\"og:description\" content=\"Entdecken Sie unsere gro\u00dfe Auswahl an komfortablen Unterk\u00fcnften mit Meerblick!\" \/>\n<meta property=\"og:url\" content=\"https:\/\/www.camping-lebellevue.fr\/de\/unsere-unterkunfte\/\" \/>\n<meta property=\"og:site_name\" content=\"Camping Bellevue\" \/>\n<meta property=\"article:publisher\" content=\"https:\/\/www.facebook.com\/Le.Bellevue.Camping\/\" \/>\n<meta property=\"article:modified_time\" content=\"2025-11-18T09:14:27+00:00\" \/>\n<meta property=\"og:image\" content=\"https:\/\/www.camping-lebellevue.fr\/wp-content\/uploads\/2024\/11\/dsc06965-min-1-1536x1024-1.jpg\" \/>\n\t<meta property=\"og:image:width\" content=\"1536\" \/>\n\t<meta property=\"og:image:height\" content=\"1024\" \/>\n\t<meta property=\"og:image:type\" content=\"image\/jpeg\" \/>\n<meta name=\"twitter:card\" content=\"summary_large_image\" \/>\n<meta name=\"twitter:label1\" content=\"Gesch\u00e4tzte Lesezeit\" \/>\n\t<meta name=\"twitter:data1\" content=\"1\u00a0Minute\" \/>\n<script type=\"application\/ld+json\" class=\"yoast-schema-graph\">{\"@context\":\"https:\/\/schema.org\",\"@graph\":[{\"@type\":\"WebPage\",\"@id\":\"https:\/\/www.camping-lebellevue.fr\/de\/unsere-unterkunfte\/\",\"url\":\"https:\/\/www.camping-lebellevue.fr\/de\/unsere-unterkunfte\/\",\"name\":\"Mobilheim La Tranche-sur-Mer - Camping Bellevue\",\"isPartOf\":{\"@id\":\"https:\/\/www.camping-lebellevue.fr\/de\/#website\"},\"primaryImageOfPage\":{\"@id\":\"https:\/\/www.camping-lebellevue.fr\/de\/unsere-unterkunfte\/#primaryimage\"},\"image\":{\"@id\":\"https:\/\/www.camping-lebellevue.fr\/de\/unsere-unterkunfte\/#primaryimage\"},\"thumbnailUrl\":\"https:\/\/www.camping-lebellevue.fr\/wp-content\/uploads\/2024\/11\/dsc06965-min-1-1536x1024-1.jpg\",\"datePublished\":\"2024-11-04T14:11:15+00:00\",\"dateModified\":\"2025-11-18T09:14:27+00:00\",\"description\":\"Entdecken Sie unsere gro\u00dfe Auswahl an komfortablen Unterk\u00fcnften mit Meerblick!\",\"breadcrumb\":{\"@id\":\"https:\/\/www.camping-lebellevue.fr\/de\/unsere-unterkunfte\/#breadcrumb\"},\"inLanguage\":\"de\",\"potentialAction\":[{\"@type\":\"ReadAction\",\"target\":[\"https:\/\/www.camping-lebellevue.fr\/de\/unsere-unterkunfte\/\"]}]},{\"@type\":\"ImageObject\",\"inLanguage\":\"de\",\"@id\":\"https:\/\/www.camping-lebellevue.fr\/de\/unsere-unterkunfte\/#primaryimage\",\"url\":\"https:\/\/www.camping-lebellevue.fr\/wp-content\/uploads\/2024\/11\/dsc06965-min-1-1536x1024-1.jpg\",\"contentUrl\":\"https:\/\/www.camping-lebellevue.fr\/wp-content\/uploads\/2024\/11\/dsc06965-min-1-1536x1024-1.jpg\",\"width\":1536,\"height\":1024},{\"@type\":\"BreadcrumbList\",\"@id\":\"https:\/\/www.camping-lebellevue.fr\/de\/unsere-unterkunfte\/#breadcrumb\",\"itemListElement\":[{\"@type\":\"ListItem\",\"position\":1,\"name\":\"Accueil\",\"item\":\"https:\/\/www.camping-lebellevue.fr\/de\/decouvrir-la-tranche-sur-mer\/\"},{\"@type\":\"ListItem\",\"position\":2,\"name\":\"Unsere Unterk\u00fcnfte\"}]},{\"@type\":\"WebSite\",\"@id\":\"https:\/\/www.camping-lebellevue.fr\/de\/#website\",\"url\":\"https:\/\/www.camping-lebellevue.fr\/de\/\",\"name\":\"Camping Bellevue\",\"description\":\"\",\"potentialAction\":[{\"@type\":\"SearchAction\",\"target\":{\"@type\":\"EntryPoint\",\"urlTemplate\":\"https:\/\/www.camping-lebellevue.fr\/de\/?s={search_term_string}\"},\"query-input\":{\"@type\":\"PropertyValueSpecification\",\"valueRequired\":true,\"valueName\":\"search_term_string\"}}],\"inLanguage\":\"de\"}]}<\/script>","yoast_head_json":{"title":"Mobilheim La Tranche-sur-Mer - Camping Bellevue","description":"Entdecken Sie unsere gro\u00dfe Auswahl an komfortablen Unterk\u00fcnften mit Meerblick!","robots":{"index":"index","follow":"follow","max-snippet":"max-snippet:-1","max-image-preview":"max-image-preview:large","max-video-preview":"max-video-preview:-1"},"canonical":"https:\/\/www.camping-lebellevue.fr\/de\/unsere-unterkunfte\/","og_locale":"de_DE","og_type":"article","og_title":"Mobilheim La Tranche-sur-Mer - Camping Bellevue","og_description":"Entdecken Sie unsere gro\u00dfe Auswahl an komfortablen Unterk\u00fcnften mit Meerblick!","og_url":"https:\/\/www.camping-lebellevue.fr\/de\/unsere-unterkunfte\/","og_site_name":"Camping Bellevue","article_publisher":"https:\/\/www.facebook.com\/Le.Bellevue.Camping\/","article_modified_time":"2025-11-18T09:14:27+00:00","og_image":[{"width":1536,"height":1024,"url":"https:\/\/www.camping-lebellevue.fr\/wp-content\/uploads\/2024\/11\/dsc06965-min-1-1536x1024-1.jpg","type":"image\/jpeg"}],"twitter_card":"summary_large_image","twitter_misc":{"Gesch\u00e4tzte Lesezeit":"1\u00a0Minute"},"schema":{"@context":"https:\/\/schema.org","@graph":[{"@type":"WebPage","@id":"https:\/\/www.camping-lebellevue.fr\/de\/unsere-unterkunfte\/","url":"https:\/\/www.camping-lebellevue.fr\/de\/unsere-unterkunfte\/","name":"Mobilheim La Tranche-sur-Mer - Camping Bellevue","isPartOf":{"@id":"https:\/\/www.camping-lebellevue.fr\/de\/#website"},"primaryImageOfPage":{"@id":"https:\/\/www.camping-lebellevue.fr\/de\/unsere-unterkunfte\/#primaryimage"},"image":{"@id":"https:\/\/www.camping-lebellevue.fr\/de\/unsere-unterkunfte\/#primaryimage"},"thumbnailUrl":"https:\/\/www.camping-lebellevue.fr\/wp-content\/uploads\/2024\/11\/dsc06965-min-1-1536x1024-1.jpg","datePublished":"2024-11-04T14:11:15+00:00","dateModified":"2025-11-18T09:14:27+00:00","description":"Entdecken Sie unsere gro\u00dfe Auswahl an komfortablen Unterk\u00fcnften mit Meerblick!","breadcrumb":{"@id":"https:\/\/www.camping-lebellevue.fr\/de\/unsere-unterkunfte\/#breadcrumb"},"inLanguage":"de","potentialAction":[{"@type":"ReadAction","target":["https:\/\/www.camping-lebellevue.fr\/de\/unsere-unterkunfte\/"]}]},{"@type":"ImageObject","inLanguage":"de","@id":"https:\/\/www.camping-lebellevue.fr\/de\/unsere-unterkunfte\/#primaryimage","url":"https:\/\/www.camping-lebellevue.fr\/wp-content\/uploads\/2024\/11\/dsc06965-min-1-1536x1024-1.jpg","contentUrl":"https:\/\/www.camping-lebellevue.fr\/wp-content\/uploads\/2024\/11\/dsc06965-min-1-1536x1024-1.jpg","width":1536,"height":1024},{"@type":"BreadcrumbList","@id":"https:\/\/www.camping-lebellevue.fr\/de\/unsere-unterkunfte\/#breadcrumb","itemListElement":[{"@type":"ListItem","position":1,"name":"Accueil","item":"https:\/\/www.camping-lebellevue.fr\/de\/decouvrir-la-tranche-sur-mer\/"},{"@type":"ListItem","position":2,"name":"Unsere Unterk\u00fcnfte"}]},{"@type":"WebSite","@id":"https:\/\/www.camping-lebellevue.fr\/de\/#website","url":"https:\/\/www.camping-lebellevue.fr\/de\/","name":"Camping Bellevue","description":"","potentialAction":[{"@type":"SearchAction","target":{"@type":"EntryPoint","urlTemplate":"https:\/\/www.camping-lebellevue.fr\/de\/?s={search_term_string}"},"query-input":{"@type":"PropertyValueSpecification","valueRequired":true,"valueName":"search_term_string"}}],"inLanguage":"de"}]}},"_links":{"self":[{"href":"https:\/\/www.camping-lebellevue.fr\/de\/wp-json\/wp\/v2\/pages\/8032","targetHints":{"allow":["GET"]}}],"collection":[{"href":"https:\/\/www.camping-lebellevue.fr\/de\/wp-json\/wp\/v2\/pages"}],"about":[{"href":"https:\/\/www.camping-lebellevue.fr\/de\/wp-json\/wp\/v2\/types\/page"}],"author":[{"embeddable":true,"href":"https:\/\/www.camping-lebellevue.fr\/de\/wp-json\/wp\/v2\/users\/1"}],"replies":[{"embeddable":true,"href":"https:\/\/www.camping-lebellevue.fr\/de\/wp-json\/wp\/v2\/comments?post=8032"}],"version-history":[{"count":5,"href":"https:\/\/www.camping-lebellevue.fr\/de\/wp-json\/wp\/v2\/pages\/8032\/revisions"}],"predecessor-version":[{"id":9203,"href":"https:\/\/www.camping-lebellevue.fr\/de\/wp-json\/wp\/v2\/pages\/8032\/revisions\/9203"}],"wp:featuredmedia":[{"embeddable":true,"href":"https:\/\/www.camping-lebellevue.fr\/de\/wp-json\/wp\/v2\/media\/8024"}],"wp:attachment":[{"href":"https:\/\/www.camping-lebellevue.fr\/de\/wp-json\/wp\/v2\/media?parent=8032"}],"curies":[{"name":"wp","href":"https:\/\/api.w.org\/{rel}","templated":true}]}}