{"id":8052,"date":"2024-11-04T15:12:33","date_gmt":"2024-11-04T14:12:33","guid":{"rendered":"https:\/\/pp-campinglebellevue.naskigo-data.ngsrv.eu\/decouvrir-la-tranche-sur-mer\/"},"modified":"2025-04-03T17:50:53","modified_gmt":"2025-04-03T15:50:53","slug":"decouvrir-la-tranche-sur-mer","status":"publish","type":"page","link":"https:\/\/www.camping-lebellevue.fr\/de\/","title":{"rendered":"Campingplatz in La Tranche sur Mer"},"content":{"rendered":"<p class=\"p1\">Treten Sie ein in <strong>unsere kleine Ecke des Paradieses<\/strong>, unser Freiluftdorf, das <strong>vollst\u00e4ndig zu Fu\u00df erreichbar<\/strong> ist. Nur wenige Schritte vom Ozean entfernt, genie\u00dfen Sie mit Ihrer Familie oder Ihren Freunden die Ruhe, das Rauschen der Wellen und die au\u00dfergew\u00f6hnliche Aussicht. M\u00f6chten Sie neue Energie tanken, sich selbst finden oder einfach nur eine Pause von der Hektik des Alltags machen? Dann sind Sie hier genau richtig! Unser 3-Sterne-Campingplatz Le Bellevue ist da, um all Ihre W\u00fcnsche zu erf\u00fcllen. Delphine empf\u00e4ngt Sie mit einem breiten L\u00e4cheln und ansteckender guter Laune.     <\/p>\n<p class=\"p1\"><strong><span class=\"s1\">G\u00f6nnen Sie sich eine Pause von Ihrem Alltag!<\/span><\/strong><\/p>\n","protected":false},"excerpt":{"rendered":"<p>Treten Sie ein in unsere kleine Ecke des Paradieses, unser Freiluftdorf, das vollst\u00e4ndig zu Fu\u00df erreichbar ist. Nur wenige Schritte vom Ozean entfernt, genie\u00dfen Sie mit Ihrer Familie oder Ihren Freunden die Ruhe, das Rauschen der Wellen und die au\u00dfergew\u00f6hnliche Aussicht. M\u00f6chten Sie neue Energie tanken, sich selbst finden oder einfach nur eine Pause von [&hellip;]<\/p>\n","protected":false},"author":1,"featured_media":8029,"parent":0,"menu_order":0,"comment_status":"closed","ping_status":"closed","template":"","meta":{"_acf_changed":false,"footnotes":""},"class_list":["post-8052","page","type-page","status-publish","has-post-thumbnail","hentry"],"acf":[],"yoast_head":"<title>Campingplatz in La Tranche-sur-Mer - 3-Sterne-Campingplatz Le Bellevue<\/title>\n<meta name=\"description\" content=\"Entdecken Sie den Campingplatz Le Bellevue: 100% Fu\u00dfg\u00e4ngerzone mit einer ruhigen, nat\u00fcrlichen Atmosph\u00e4re und Mobilheimen mit Meerblick!\" \/>\n<meta name=\"robots\" content=\"index, follow, max-snippet:-1, max-image-preview:large, max-video-preview:-1\" \/>\n<link rel=\"canonical\" href=\"https:\/\/www.camping-lebellevue.fr\/de\/\" \/>\n<meta property=\"og:locale\" content=\"de_DE\" \/>\n<meta property=\"og:type\" content=\"article\" \/>\n<meta property=\"og:title\" content=\"Campingplatz in La Tranche-sur-Mer - 3-Sterne-Campingplatz Le Bellevue\" \/>\n<meta property=\"og:description\" content=\"Entdecken Sie den Campingplatz Le Bellevue: 100% Fu\u00dfg\u00e4ngerzone mit einer ruhigen, nat\u00fcrlichen Atmosph\u00e4re und Mobilheimen mit Meerblick!\" \/>\n<meta property=\"og:url\" content=\"https:\/\/www.camping-lebellevue.fr\/de\/\" \/>\n<meta property=\"og:site_name\" content=\"Camping Bellevue\" \/>\n<meta property=\"article:publisher\" content=\"https:\/\/www.facebook.com\/Le.Bellevue.Camping\/\" \/>\n<meta property=\"article:modified_time\" content=\"2025-04-03T15:50:53+00:00\" \/>\n<meta property=\"og:image\" content=\"https:\/\/www.camping-lebellevue.fr\/wp-content\/uploads\/2024\/12\/Camping-Bellevue-1920x1080.jpg\" \/>\n\t<meta property=\"og:image:width\" content=\"2560\" \/>\n\t<meta property=\"og:image:height\" content=\"1440\" \/>\n\t<meta property=\"og:image:type\" content=\"image\/jpeg\" \/>\n<meta name=\"twitter:card\" content=\"summary_large_image\" \/>\n<meta name=\"twitter:label1\" content=\"Gesch\u00e4tzte Lesezeit\" \/>\n\t<meta name=\"twitter:data1\" content=\"1\u00a0Minute\" \/>\n<script type=\"application\/ld+json\" class=\"yoast-schema-graph\">{\"@context\":\"https:\/\/schema.org\",\"@graph\":[{\"@type\":\"WebPage\",\"@id\":\"https:\/\/www.camping-lebellevue.fr\/de\/\",\"url\":\"https:\/\/www.camping-lebellevue.fr\/de\/\",\"name\":\"Campingplatz in La Tranche-sur-Mer - 3-Sterne-Campingplatz Le Bellevue\",\"isPartOf\":{\"@id\":\"https:\/\/www.camping-lebellevue.fr\/de\/#website\"},\"primaryImageOfPage\":{\"@id\":\"https:\/\/www.camping-lebellevue.fr\/de\/#primaryimage\"},\"image\":{\"@id\":\"https:\/\/www.camping-lebellevue.fr\/de\/#primaryimage\"},\"thumbnailUrl\":\"https:\/\/www.camping-lebellevue.fr\/wp-content\/uploads\/2024\/12\/Camping-Bellevue-1920x1080.jpg\",\"datePublished\":\"2024-11-04T14:12:33+00:00\",\"dateModified\":\"2025-04-03T15:50:53+00:00\",\"description\":\"Entdecken Sie den Campingplatz Le Bellevue: 100% Fu\u00dfg\u00e4ngerzone mit einer ruhigen, nat\u00fcrlichen Atmosph\u00e4re und Mobilheimen mit Meerblick!\",\"breadcrumb\":{\"@id\":\"https:\/\/www.camping-lebellevue.fr\/de\/#breadcrumb\"},\"inLanguage\":\"de\",\"potentialAction\":[{\"@type\":\"ReadAction\",\"target\":[\"https:\/\/www.camping-lebellevue.fr\/de\/\"]}]},{\"@type\":\"ImageObject\",\"inLanguage\":\"de\",\"@id\":\"https:\/\/www.camping-lebellevue.fr\/de\/#primaryimage\",\"url\":\"https:\/\/www.camping-lebellevue.fr\/wp-content\/uploads\/2024\/12\/Camping-Bellevue-1920x1080.jpg\",\"contentUrl\":\"https:\/\/www.camping-lebellevue.fr\/wp-content\/uploads\/2024\/12\/Camping-Bellevue-1920x1080.jpg\",\"width\":2560,\"height\":1440,\"caption\":\"Camping Bellevue \u00e0 la Tranche sur Mer (Vend\u00e9e)\"},{\"@type\":\"BreadcrumbList\",\"@id\":\"https:\/\/www.camping-lebellevue.fr\/de\/#breadcrumb\",\"itemListElement\":[{\"@type\":\"ListItem\",\"position\":1,\"name\":\"Accueil\",\"item\":\"https:\/\/www.camping-lebellevue.fr\/de\/decouvrir-la-tranche-sur-mer\/\"},{\"@type\":\"ListItem\",\"position\":2,\"name\":\"Campingplatz in La Tranche sur Mer\"}]},{\"@type\":\"WebSite\",\"@id\":\"https:\/\/www.camping-lebellevue.fr\/de\/#website\",\"url\":\"https:\/\/www.camping-lebellevue.fr\/de\/\",\"name\":\"Camping Bellevue\",\"description\":\"\",\"potentialAction\":[{\"@type\":\"SearchAction\",\"target\":{\"@type\":\"EntryPoint\",\"urlTemplate\":\"https:\/\/www.camping-lebellevue.fr\/de\/?s={search_term_string}\"},\"query-input\":{\"@type\":\"PropertyValueSpecification\",\"valueRequired\":true,\"valueName\":\"search_term_string\"}}],\"inLanguage\":\"de\"}]}<\/script>","yoast_head_json":{"title":"Campingplatz in La Tranche-sur-Mer - 3-Sterne-Campingplatz Le Bellevue","description":"Entdecken Sie den Campingplatz Le Bellevue: 100% Fu\u00dfg\u00e4ngerzone mit einer ruhigen, nat\u00fcrlichen Atmosph\u00e4re und Mobilheimen mit Meerblick!","robots":{"index":"index","follow":"follow","max-snippet":"max-snippet:-1","max-image-preview":"max-image-preview:large","max-video-preview":"max-video-preview:-1"},"canonical":"https:\/\/www.camping-lebellevue.fr\/de\/","og_locale":"de_DE","og_type":"article","og_title":"Campingplatz in La Tranche-sur-Mer - 3-Sterne-Campingplatz Le Bellevue","og_description":"Entdecken Sie den Campingplatz Le Bellevue: 100% Fu\u00dfg\u00e4ngerzone mit einer ruhigen, nat\u00fcrlichen Atmosph\u00e4re und Mobilheimen mit Meerblick!","og_url":"https:\/\/www.camping-lebellevue.fr\/de\/","og_site_name":"Camping Bellevue","article_publisher":"https:\/\/www.facebook.com\/Le.Bellevue.Camping\/","article_modified_time":"2025-04-03T15:50:53+00:00","og_image":[{"width":2560,"height":1440,"url":"https:\/\/www.camping-lebellevue.fr\/wp-content\/uploads\/2024\/12\/Camping-Bellevue-1920x1080.jpg","type":"image\/jpeg"}],"twitter_card":"summary_large_image","twitter_misc":{"Gesch\u00e4tzte Lesezeit":"1\u00a0Minute"},"schema":{"@context":"https:\/\/schema.org","@graph":[{"@type":"WebPage","@id":"https:\/\/www.camping-lebellevue.fr\/de\/","url":"https:\/\/www.camping-lebellevue.fr\/de\/","name":"Campingplatz in La Tranche-sur-Mer - 3-Sterne-Campingplatz Le Bellevue","isPartOf":{"@id":"https:\/\/www.camping-lebellevue.fr\/de\/#website"},"primaryImageOfPage":{"@id":"https:\/\/www.camping-lebellevue.fr\/de\/#primaryimage"},"image":{"@id":"https:\/\/www.camping-lebellevue.fr\/de\/#primaryimage"},"thumbnailUrl":"https:\/\/www.camping-lebellevue.fr\/wp-content\/uploads\/2024\/12\/Camping-Bellevue-1920x1080.jpg","datePublished":"2024-11-04T14:12:33+00:00","dateModified":"2025-04-03T15:50:53+00:00","description":"Entdecken Sie den Campingplatz Le Bellevue: 100% Fu\u00dfg\u00e4ngerzone mit einer ruhigen, nat\u00fcrlichen Atmosph\u00e4re und Mobilheimen mit Meerblick!","breadcrumb":{"@id":"https:\/\/www.camping-lebellevue.fr\/de\/#breadcrumb"},"inLanguage":"de","potentialAction":[{"@type":"ReadAction","target":["https:\/\/www.camping-lebellevue.fr\/de\/"]}]},{"@type":"ImageObject","inLanguage":"de","@id":"https:\/\/www.camping-lebellevue.fr\/de\/#primaryimage","url":"https:\/\/www.camping-lebellevue.fr\/wp-content\/uploads\/2024\/12\/Camping-Bellevue-1920x1080.jpg","contentUrl":"https:\/\/www.camping-lebellevue.fr\/wp-content\/uploads\/2024\/12\/Camping-Bellevue-1920x1080.jpg","width":2560,"height":1440,"caption":"Camping Bellevue \u00e0 la Tranche sur Mer (Vend\u00e9e)"},{"@type":"BreadcrumbList","@id":"https:\/\/www.camping-lebellevue.fr\/de\/#breadcrumb","itemListElement":[{"@type":"ListItem","position":1,"name":"Accueil","item":"https:\/\/www.camping-lebellevue.fr\/de\/decouvrir-la-tranche-sur-mer\/"},{"@type":"ListItem","position":2,"name":"Campingplatz in La Tranche sur Mer"}]},{"@type":"WebSite","@id":"https:\/\/www.camping-lebellevue.fr\/de\/#website","url":"https:\/\/www.camping-lebellevue.fr\/de\/","name":"Camping Bellevue","description":"","potentialAction":[{"@type":"SearchAction","target":{"@type":"EntryPoint","urlTemplate":"https:\/\/www.camping-lebellevue.fr\/de\/?s={search_term_string}"},"query-input":{"@type":"PropertyValueSpecification","valueRequired":true,"valueName":"search_term_string"}}],"inLanguage":"de"}]}},"_links":{"self":[{"href":"https:\/\/www.camping-lebellevue.fr\/de\/wp-json\/wp\/v2\/pages\/8052","targetHints":{"allow":["GET"]}}],"collection":[{"href":"https:\/\/www.camping-lebellevue.fr\/de\/wp-json\/wp\/v2\/pages"}],"about":[{"href":"https:\/\/www.camping-lebellevue.fr\/de\/wp-json\/wp\/v2\/types\/page"}],"author":[{"embeddable":true,"href":"https:\/\/www.camping-lebellevue.fr\/de\/wp-json\/wp\/v2\/users\/1"}],"replies":[{"embeddable":true,"href":"https:\/\/www.camping-lebellevue.fr\/de\/wp-json\/wp\/v2\/comments?post=8052"}],"version-history":[{"count":5,"href":"https:\/\/www.camping-lebellevue.fr\/de\/wp-json\/wp\/v2\/pages\/8052\/revisions"}],"predecessor-version":[{"id":8875,"href":"https:\/\/www.camping-lebellevue.fr\/de\/wp-json\/wp\/v2\/pages\/8052\/revisions\/8875"}],"wp:featuredmedia":[{"embeddable":true,"href":"https:\/\/www.camping-lebellevue.fr\/de\/wp-json\/wp\/v2\/media\/8029"}],"wp:attachment":[{"href":"https:\/\/www.camping-lebellevue.fr\/de\/wp-json\/wp\/v2\/media?parent=8052"}],"curies":[{"name":"wp","href":"https:\/\/api.w.org\/{rel}","templated":true}]}}