{"id":8225,"date":"2024-11-04T15:11:29","date_gmt":"2024-11-04T14:11:29","guid":{"rendered":"https:\/\/pp-campinglebellevue.naskigo-data.ngsrv.eu\/les-activites-services\/"},"modified":"2025-01-13T17:15:47","modified_gmt":"2025-01-13T16:15:47","slug":"aktivitaten-und-dienstleistungen","status":"publish","type":"page","link":"https:\/\/www.camping-lebellevue.fr\/de\/aktivitaten-und-dienstleistungen\/","title":{"rendered":"Aktivit\u00e4ten und Dienstleistungen"},"content":{"rendered":"\t\t<div data-elementor-type=\"wp-page\" data-elementor-id=\"8225\" class=\"elementor elementor-8225 elementor-15\" data-elementor-post-type=\"page\">\n\t\t\t\t<div class=\"elementor-element elementor-element-486a89b e-flex e-con-boxed e-con e-parent\" data-id=\"486a89b\" data-element_type=\"container\" data-e-type=\"container\">\n\t\t\t\t\t<div class=\"e-con-inner\">\n\t\t<div class=\"elementor-element elementor-element-baf3e4f e-flex e-con-boxed e-con e-child\" data-id=\"baf3e4f\" data-element_type=\"container\" data-e-type=\"container\">\n\t\t\t\t\t<div class=\"e-con-inner\">\n\t\t<div class=\"elementor-element elementor-element-5afc155 e-flex e-con-boxed e-con e-child\" data-id=\"5afc155\" data-element_type=\"container\" data-e-type=\"container\">\n\t\t\t\t\t<div class=\"e-con-inner\">\n\t\t\t\t<div class=\"elementor-element elementor-element-41af054 elementor-widget elementor-widget-heading\" data-id=\"41af054\" data-element_type=\"widget\" data-e-type=\"widget\" data-widget_type=\"heading.default\">\n\t\t\t\t<div class=\"elementor-widget-container\">\n\t\t\t\t\t<h2 class=\"elementor-heading-title elementor-size-default\">Eine gro\u00dfe Auswahl an Aktivit\u00e4ten und Dienstleistungen<\/h2>\t\t\t\t<\/div>\n\t\t\t\t<\/div>\n\t\t\t\t<div class=\"elementor-element elementor-element-10d6d21 elementor-widget elementor-widget-text-editor\" data-id=\"10d6d21\" data-element_type=\"widget\" data-e-type=\"widget\" data-widget_type=\"text-editor.default\">\n\t\t\t\t<div class=\"elementor-widget-container\">\n\t\t\t\t\t\t\t\t\t<p>Le Bellevue bietet Ihnen Aktivit\u00e4ten f\u00fcr alle, die auf Wohlbefinden und Entspannung ausgerichtet sind. Tauchen Sie in unseren beheizten Pool ein, entspannen Sie sich bei unseren Yogakursen in einer au\u00dfergew\u00f6hnlichen Umgebung und nutzen Sie unsere Aktivit\u00e4ten, die Ihrem Aufenthalt den richtigen Rhythmus geben.<br \/>Sie haben kostenlosen Zugang zu: Spielplatz, Bouleplatz, Spot-TV, Tischtennis, Minigolf, Yoga. <\/p>\n\t\t\t\t\t\t\t\t<\/div>\n\t\t\t\t<\/div>\n\t\t<div class=\"elementor-element elementor-element-fff3d22 e-con-full e-flex e-con e-child\" data-id=\"fff3d22\" data-element_type=\"container\" data-e-type=\"container\">\n\t\t\t\t<div class=\"elementor-element elementor-element-b15f1ad elementor-align-center elementor-widget elementor-widget-button\" data-id=\"b15f1ad\" data-element_type=\"widget\" data-e-type=\"widget\" data-widget_type=\"button.default\">\n\t\t\t\t<div class=\"elementor-widget-container\">\n\t\t\t\t\t\t\t\t\t<div class=\"elementor-button-wrapper\">\n\t\t\t\t\t<a class=\"elementor-button elementor-button-link elementor-size-sm\" href=\"https:\/\/pp-campinglebellevue.naskigo-data.ngsrv.eu\/les-activites-services\/nos-services\/\">\n\t\t\t\t\t\t<span class=\"elementor-button-content-wrapper\">\n\t\t\t\t\t\t\t\t\t<span class=\"elementor-button-text\">Unsere Dienstleistungen<\/span>\n\t\t\t\t\t<\/span>\n\t\t\t\t\t<\/a>\n\t\t\t\t<\/div>\n\t\t\t\t\t\t\t\t<\/div>\n\t\t\t\t<\/div>\n\t\t\t\t<div class=\"elementor-element elementor-element-f38ee03 elementor-align-center elementor-widget elementor-widget-button\" data-id=\"f38ee03\" data-element_type=\"widget\" data-e-type=\"widget\" data-widget_type=\"button.default\">\n\t\t\t\t<div class=\"elementor-widget-container\">\n\t\t\t\t\t\t\t\t\t<div class=\"elementor-button-wrapper\">\n\t\t\t\t\t<a class=\"elementor-button elementor-button-link elementor-size-sm\" href=\"https:\/\/pp-campinglebellevue.naskigo-data.ngsrv.eu\/les-activites-services\/nos-activites\/\">\n\t\t\t\t\t\t<span class=\"elementor-button-content-wrapper\">\n\t\t\t\t\t\t\t\t\t<span class=\"elementor-button-text\">Unsere Aktivit\u00e4ten<\/span>\n\t\t\t\t\t<\/span>\n\t\t\t\t\t<\/a>\n\t\t\t\t<\/div>\n\t\t\t\t\t\t\t\t<\/div>\n\t\t\t\t<\/div>\n\t\t\t\t<\/div>\n\t\t\t\t\t<\/div>\n\t\t\t\t<\/div>\n\t\t\t\t\t<\/div>\n\t\t\t\t<\/div>\n\t\t\t\t\t<\/div>\n\t\t\t\t<\/div>\n\t\t<div class=\"elementor-element elementor-element-733c87d e-flex e-con-boxed e-con e-parent\" data-id=\"733c87d\" data-element_type=\"container\" data-e-type=\"container\" data-settings=\"{&quot;background_background&quot;:&quot;classic&quot;}\">\n\t\t\t\t\t<div class=\"e-con-inner\">\n\t\t<div class=\"elementor-element elementor-element-3e8cb8e e-con-full e-flex e-con e-child\" data-id=\"3e8cb8e\" data-element_type=\"container\" data-e-type=\"container\">\n\t\t\t\t<div class=\"elementor-element elementor-element-6ae7bc4 elementor-widget-tablet__width-inherit elementor-widget elementor-widget-image\" data-id=\"6ae7bc4\" data-element_type=\"widget\" data-e-type=\"widget\" data-widget_type=\"image.default\">\n\t\t\t\t<div class=\"elementor-widget-container\">\n\t\t\t\t\t\t\t\t\t\t\t\t\t\t\t<img fetchpriority=\"high\" decoding=\"async\" width=\"1024\" height=\"576\" src=\"https:\/\/www.camping-lebellevue.fr\/wp-content\/uploads\/2024\/12\/DJI_20240614111601_0027_D-1024x576.jpg\" class=\"attachment-large size-large wp-image-8228\" alt=\"\" srcset=\"https:\/\/www.camping-lebellevue.fr\/wp-content\/uploads\/2024\/12\/DJI_20240614111601_0027_D-1024x576.jpg 1024w, https:\/\/www.camping-lebellevue.fr\/wp-content\/uploads\/2024\/12\/DJI_20240614111601_0027_D-300x169.jpg 300w, https:\/\/www.camping-lebellevue.fr\/wp-content\/uploads\/2024\/12\/DJI_20240614111601_0027_D-768x432.jpg 768w, https:\/\/www.camping-lebellevue.fr\/wp-content\/uploads\/2024\/12\/DJI_20240614111601_0027_D-1536x864.jpg 1536w, https:\/\/www.camping-lebellevue.fr\/wp-content\/uploads\/2024\/12\/DJI_20240614111601_0027_D-2048x1152.jpg 2048w, https:\/\/www.camping-lebellevue.fr\/wp-content\/uploads\/2024\/12\/DJI_20240614111601_0027_D-1920x1080.jpg 1920w, https:\/\/www.camping-lebellevue.fr\/wp-content\/uploads\/2024\/12\/DJI_20240614111601_0027_D-850x478.jpg 850w, https:\/\/www.camping-lebellevue.fr\/wp-content\/uploads\/2024\/12\/DJI_20240614111601_0027_D-1568x882.jpg 1568w\" sizes=\"(max-width: 1024px) 100vw, 1024px\" \/>\t\t\t\t\t\t\t\t\t\t\t\t\t\t\t<\/div>\n\t\t\t\t<\/div>\n\t\t\t\t<\/div>\n\t\t<div class=\"elementor-element elementor-element-5480f80 e-con-full e-flex e-con e-child\" data-id=\"5480f80\" data-element_type=\"container\" data-e-type=\"container\">\n\t\t\t\t<div class=\"elementor-element elementor-element-a5edad3 elementor-widget elementor-widget-heading\" data-id=\"a5edad3\" data-element_type=\"widget\" data-e-type=\"widget\" data-widget_type=\"heading.default\">\n\t\t\t\t<div class=\"elementor-widget-container\">\n\t\t\t\t\t<h2 class=\"elementor-heading-title elementor-size-default\">Ein Wasserpark f\u00fcr Kinder und Erwachsene<br><\/h2>\t\t\t\t<\/div>\n\t\t\t\t<\/div>\n\t\t\t\t<div class=\"elementor-element elementor-element-b97ad29 elementor-widget elementor-widget-text-editor\" data-id=\"b97ad29\" data-element_type=\"widget\" data-e-type=\"widget\" data-widget_type=\"text-editor.default\">\n\t\t\t\t<div class=\"elementor-widget-container\">\n\t\t\t\t\t\t\t\t\t<p>Wenn f\u00fcr Sie ein Campingurlaub gleichbedeutend mit einem Schwimmbad ist, dann hat die Badelandschaft des Bellevue alle Tr\u00fcmpfe in der Hand, um Sie zu begeistern. Ob Sie zu zweit, mit der Familie oder mit Freunden reisen, Ihr Campingplatz wird all Ihren W\u00fcnschen gerecht. <\/p>\n<p>Sie tr\u00e4umen von einer <a href=\"https:\/\/pp-campinglebellevue.naskigo-data.ngsrv.eu\/nos-hebergements\/la-villa-ciel-mer\/\">Villa auf einem Campingplatz in La Tranche-sur-Mer<\/a>? Le Bellevue bietet einen gro\u00dfen Wasserbereich, dessen Einrichtung erst k\u00fcrzlich renoviert wurde. In diesem geschmackvoll eingerichteten Bereich befindet sich eine gro\u00dfe Holzterrasse, auf der Sie sich entspannen und faulenzen k\u00f6nnen: Sonnenliegen, Liegest\u00fchle und Sonnenschirme stehen Ihnen auf dieser Sonnenterrasse zur Verf\u00fcgung, damit Sie Ihre wohlverdienten Momente der Ruhe genie\u00dfen k\u00f6nnen. Sonnenbaden, lesen und entspannen Sie sich in der Sonne oder im Schatten am Rande des Pools!   <\/p>\n<p>Es gibt nichts Besseres, um sich zu entspannen, als in das wohltemperierte Wasser einzutauchen. Der Wasserbereich des Bellevue besteht aus einem gro\u00dfen beheizten Au\u00dfenpool und einem ebenfalls beheizten Planschbecken, so dass Sie sich hier mit der Familie oder Freunden entspannen und am\u00fcsieren k\u00f6nnen. <\/p>\n<p>F\u00fcr die Bequemlichkeit gibt es auch Umkleidekabinen im Wasserbereich des Campingplatzes. Sie brauchen sich nicht auf Ihrer Sonnenliege am Pool zu belasten, alle Ihre Sachen werden an einem daf\u00fcr vorgesehenen Ort gesammelt und sicher aufbewahrt. <\/p>\n<p>Ein Aufenthalt im Bellevue bedeutet auch, dass Sie einen Urlaub im Freien in La Tranche-sur-Mer genie\u00dfen k\u00f6nnen, nur 900 Meter vom Strand entfernt. So k\u00f6nnen Sie w\u00e4hrend Ihres Aufenthalts in der Vend\u00e9e zwischen Meer und Pool wechseln. <\/p>\n\t\t\t\t\t\t\t\t<\/div>\n\t\t\t\t<\/div>\n\t\t<div class=\"elementor-element elementor-element-1b24afd e-con-full e-flex e-con e-child\" data-id=\"1b24afd\" data-element_type=\"container\" data-e-type=\"container\">\n\t\t\t\t<div class=\"elementor-element elementor-element-bf3d536 elementor-align-center elementor-widget elementor-widget-button\" data-id=\"bf3d536\" data-element_type=\"widget\" data-e-type=\"widget\" data-widget_type=\"button.default\">\n\t\t\t\t<div class=\"elementor-widget-container\">\n\t\t\t\t\t\t\t\t\t<div class=\"elementor-button-wrapper\">\n\t\t\t\t\t<a class=\"elementor-button elementor-button-link elementor-size-sm\" href=\"https:\/\/pp-campinglebellevue.naskigo-data.ngsrv.eu\/les-activites-services\/nos-activites\/\">\n\t\t\t\t\t\t<span class=\"elementor-button-content-wrapper\">\n\t\t\t\t\t\t\t\t\t<span class=\"elementor-button-text\">Unsere Aktivit\u00e4ten<\/span>\n\t\t\t\t\t<\/span>\n\t\t\t\t\t<\/a>\n\t\t\t\t<\/div>\n\t\t\t\t\t\t\t\t<\/div>\n\t\t\t\t<\/div>\n\t\t\t\t<\/div>\n\t\t\t\t<\/div>\n\t\t\t\t\t<\/div>\n\t\t\t\t<\/div>\n\t\t\t\t<\/div>\n\t\t","protected":false},"excerpt":{"rendered":"<p>Eine gro\u00dfe Auswahl an Aktivit\u00e4ten und Dienstleistungen Le Bellevue bietet Ihnen Aktivit\u00e4ten f\u00fcr alle, die auf Wohlbefinden und Entspannung ausgerichtet sind. Tauchen Sie in unseren beheizten Pool ein, entspannen Sie sich bei unseren Yogakursen in einer au\u00dfergew\u00f6hnlichen Umgebung und nutzen Sie unsere Aktivit\u00e4ten, die Ihrem Aufenthalt den richtigen Rhythmus geben.Sie haben kostenlosen Zugang zu: Spielplatz, [&hellip;]<\/p>\n","protected":false},"author":1,"featured_media":8227,"parent":0,"menu_order":0,"comment_status":"closed","ping_status":"closed","template":"","meta":{"_acf_changed":false,"footnotes":""},"class_list":["post-8225","page","type-page","status-publish","has-post-thumbnail","hentry"],"acf":[],"yoast_head":"<title>Aktivit\u00e4ten und Dienstleistungen - Camping Bellevue<\/title>\n<meta name=\"robots\" content=\"index, follow, max-snippet:-1, max-image-preview:large, max-video-preview:-1\" \/>\n<link rel=\"canonical\" href=\"https:\/\/www.camping-lebellevue.fr\/de\/aktivitaten-und-dienstleistungen\/\" \/>\n<meta property=\"og:locale\" content=\"de_DE\" \/>\n<meta property=\"og:type\" content=\"article\" \/>\n<meta property=\"og:title\" content=\"Aktivit\u00e4ten und Dienstleistungen - Camping Bellevue\" \/>\n<meta property=\"og:description\" content=\"Eine gro\u00dfe Auswahl an Aktivit\u00e4ten und Dienstleistungen Le Bellevue bietet Ihnen Aktivit\u00e4ten f\u00fcr alle, die auf Wohlbefinden und Entspannung ausgerichtet sind. Tauchen Sie in unseren beheizten Pool ein, entspannen Sie sich bei unseren Yogakursen in einer au\u00dfergew\u00f6hnlichen Umgebung und nutzen Sie unsere Aktivit\u00e4ten, die Ihrem Aufenthalt den richtigen Rhythmus geben.Sie haben kostenlosen Zugang zu: Spielplatz, [&hellip;]\" \/>\n<meta property=\"og:url\" content=\"https:\/\/www.camping-lebellevue.fr\/de\/aktivitaten-und-dienstleistungen\/\" \/>\n<meta property=\"og:site_name\" content=\"Camping Bellevue\" \/>\n<meta property=\"article:publisher\" content=\"https:\/\/www.facebook.com\/Le.Bellevue.Camping\/\" \/>\n<meta property=\"article:modified_time\" content=\"2025-01-13T16:15:47+00:00\" \/>\n<meta property=\"og:image\" content=\"https:\/\/www.camping-lebellevue.fr\/wp-content\/uploads\/2024\/12\/services-camping-le-bellevue-1201x1080.jpg\" \/>\n\t<meta property=\"og:image:width\" content=\"1201\" \/>\n\t<meta property=\"og:image:height\" content=\"1228\" \/>\n\t<meta property=\"og:image:type\" content=\"image\/jpeg\" \/>\n<meta name=\"twitter:card\" content=\"summary_large_image\" \/>\n<meta name=\"twitter:label1\" content=\"Gesch\u00e4tzte Lesezeit\" \/>\n\t<meta name=\"twitter:data1\" content=\"2\u00a0Minuten\" \/>\n<script type=\"application\/ld+json\" class=\"yoast-schema-graph\">{\"@context\":\"https:\/\/schema.org\",\"@graph\":[{\"@type\":\"WebPage\",\"@id\":\"https:\/\/www.camping-lebellevue.fr\/de\/aktivitaten-und-dienstleistungen\/\",\"url\":\"https:\/\/www.camping-lebellevue.fr\/de\/aktivitaten-und-dienstleistungen\/\",\"name\":\"Aktivit\u00e4ten und Dienstleistungen - Camping Bellevue\",\"isPartOf\":{\"@id\":\"https:\/\/www.camping-lebellevue.fr\/de\/#website\"},\"primaryImageOfPage\":{\"@id\":\"https:\/\/www.camping-lebellevue.fr\/de\/aktivitaten-und-dienstleistungen\/#primaryimage\"},\"image\":{\"@id\":\"https:\/\/www.camping-lebellevue.fr\/de\/aktivitaten-und-dienstleistungen\/#primaryimage\"},\"thumbnailUrl\":\"https:\/\/www.camping-lebellevue.fr\/wp-content\/uploads\/2024\/12\/services-camping-le-bellevue-1201x1080.jpg\",\"datePublished\":\"2024-11-04T14:11:29+00:00\",\"dateModified\":\"2025-01-13T16:15:47+00:00\",\"breadcrumb\":{\"@id\":\"https:\/\/www.camping-lebellevue.fr\/de\/aktivitaten-und-dienstleistungen\/#breadcrumb\"},\"inLanguage\":\"de\",\"potentialAction\":[{\"@type\":\"ReadAction\",\"target\":[\"https:\/\/www.camping-lebellevue.fr\/de\/aktivitaten-und-dienstleistungen\/\"]}]},{\"@type\":\"ImageObject\",\"inLanguage\":\"de\",\"@id\":\"https:\/\/www.camping-lebellevue.fr\/de\/aktivitaten-und-dienstleistungen\/#primaryimage\",\"url\":\"https:\/\/www.camping-lebellevue.fr\/wp-content\/uploads\/2024\/12\/services-camping-le-bellevue-1201x1080.jpg\",\"contentUrl\":\"https:\/\/www.camping-lebellevue.fr\/wp-content\/uploads\/2024\/12\/services-camping-le-bellevue-1201x1080.jpg\",\"width\":1201,\"height\":1228},{\"@type\":\"BreadcrumbList\",\"@id\":\"https:\/\/www.camping-lebellevue.fr\/de\/aktivitaten-und-dienstleistungen\/#breadcrumb\",\"itemListElement\":[{\"@type\":\"ListItem\",\"position\":1,\"name\":\"Accueil\",\"item\":\"https:\/\/www.camping-lebellevue.fr\/de\/decouvrir-la-tranche-sur-mer\/\"},{\"@type\":\"ListItem\",\"position\":2,\"name\":\"Aktivit\u00e4ten und Dienstleistungen\"}]},{\"@type\":\"WebSite\",\"@id\":\"https:\/\/www.camping-lebellevue.fr\/de\/#website\",\"url\":\"https:\/\/www.camping-lebellevue.fr\/de\/\",\"name\":\"Camping Bellevue\",\"description\":\"\",\"potentialAction\":[{\"@type\":\"SearchAction\",\"target\":{\"@type\":\"EntryPoint\",\"urlTemplate\":\"https:\/\/www.camping-lebellevue.fr\/de\/?s={search_term_string}\"},\"query-input\":{\"@type\":\"PropertyValueSpecification\",\"valueRequired\":true,\"valueName\":\"search_term_string\"}}],\"inLanguage\":\"de\"}]}<\/script>","yoast_head_json":{"title":"Aktivit\u00e4ten und Dienstleistungen - Camping Bellevue","robots":{"index":"index","follow":"follow","max-snippet":"max-snippet:-1","max-image-preview":"max-image-preview:large","max-video-preview":"max-video-preview:-1"},"canonical":"https:\/\/www.camping-lebellevue.fr\/de\/aktivitaten-und-dienstleistungen\/","og_locale":"de_DE","og_type":"article","og_title":"Aktivit\u00e4ten und Dienstleistungen - Camping Bellevue","og_description":"Eine gro\u00dfe Auswahl an Aktivit\u00e4ten und Dienstleistungen Le Bellevue bietet Ihnen Aktivit\u00e4ten f\u00fcr alle, die auf Wohlbefinden und Entspannung ausgerichtet sind. Tauchen Sie in unseren beheizten Pool ein, entspannen Sie sich bei unseren Yogakursen in einer au\u00dfergew\u00f6hnlichen Umgebung und nutzen Sie unsere Aktivit\u00e4ten, die Ihrem Aufenthalt den richtigen Rhythmus geben.Sie haben kostenlosen Zugang zu: Spielplatz, [&hellip;]","og_url":"https:\/\/www.camping-lebellevue.fr\/de\/aktivitaten-und-dienstleistungen\/","og_site_name":"Camping Bellevue","article_publisher":"https:\/\/www.facebook.com\/Le.Bellevue.Camping\/","article_modified_time":"2025-01-13T16:15:47+00:00","og_image":[{"width":1201,"height":1228,"url":"https:\/\/www.camping-lebellevue.fr\/wp-content\/uploads\/2024\/12\/services-camping-le-bellevue-1201x1080.jpg","type":"image\/jpeg"}],"twitter_card":"summary_large_image","twitter_misc":{"Gesch\u00e4tzte Lesezeit":"2\u00a0Minuten"},"schema":{"@context":"https:\/\/schema.org","@graph":[{"@type":"WebPage","@id":"https:\/\/www.camping-lebellevue.fr\/de\/aktivitaten-und-dienstleistungen\/","url":"https:\/\/www.camping-lebellevue.fr\/de\/aktivitaten-und-dienstleistungen\/","name":"Aktivit\u00e4ten und Dienstleistungen - Camping Bellevue","isPartOf":{"@id":"https:\/\/www.camping-lebellevue.fr\/de\/#website"},"primaryImageOfPage":{"@id":"https:\/\/www.camping-lebellevue.fr\/de\/aktivitaten-und-dienstleistungen\/#primaryimage"},"image":{"@id":"https:\/\/www.camping-lebellevue.fr\/de\/aktivitaten-und-dienstleistungen\/#primaryimage"},"thumbnailUrl":"https:\/\/www.camping-lebellevue.fr\/wp-content\/uploads\/2024\/12\/services-camping-le-bellevue-1201x1080.jpg","datePublished":"2024-11-04T14:11:29+00:00","dateModified":"2025-01-13T16:15:47+00:00","breadcrumb":{"@id":"https:\/\/www.camping-lebellevue.fr\/de\/aktivitaten-und-dienstleistungen\/#breadcrumb"},"inLanguage":"de","potentialAction":[{"@type":"ReadAction","target":["https:\/\/www.camping-lebellevue.fr\/de\/aktivitaten-und-dienstleistungen\/"]}]},{"@type":"ImageObject","inLanguage":"de","@id":"https:\/\/www.camping-lebellevue.fr\/de\/aktivitaten-und-dienstleistungen\/#primaryimage","url":"https:\/\/www.camping-lebellevue.fr\/wp-content\/uploads\/2024\/12\/services-camping-le-bellevue-1201x1080.jpg","contentUrl":"https:\/\/www.camping-lebellevue.fr\/wp-content\/uploads\/2024\/12\/services-camping-le-bellevue-1201x1080.jpg","width":1201,"height":1228},{"@type":"BreadcrumbList","@id":"https:\/\/www.camping-lebellevue.fr\/de\/aktivitaten-und-dienstleistungen\/#breadcrumb","itemListElement":[{"@type":"ListItem","position":1,"name":"Accueil","item":"https:\/\/www.camping-lebellevue.fr\/de\/decouvrir-la-tranche-sur-mer\/"},{"@type":"ListItem","position":2,"name":"Aktivit\u00e4ten und Dienstleistungen"}]},{"@type":"WebSite","@id":"https:\/\/www.camping-lebellevue.fr\/de\/#website","url":"https:\/\/www.camping-lebellevue.fr\/de\/","name":"Camping Bellevue","description":"","potentialAction":[{"@type":"SearchAction","target":{"@type":"EntryPoint","urlTemplate":"https:\/\/www.camping-lebellevue.fr\/de\/?s={search_term_string}"},"query-input":{"@type":"PropertyValueSpecification","valueRequired":true,"valueName":"search_term_string"}}],"inLanguage":"de"}]}},"_links":{"self":[{"href":"https:\/\/www.camping-lebellevue.fr\/de\/wp-json\/wp\/v2\/pages\/8225","targetHints":{"allow":["GET"]}}],"collection":[{"href":"https:\/\/www.camping-lebellevue.fr\/de\/wp-json\/wp\/v2\/pages"}],"about":[{"href":"https:\/\/www.camping-lebellevue.fr\/de\/wp-json\/wp\/v2\/types\/page"}],"author":[{"embeddable":true,"href":"https:\/\/www.camping-lebellevue.fr\/de\/wp-json\/wp\/v2\/users\/1"}],"replies":[{"embeddable":true,"href":"https:\/\/www.camping-lebellevue.fr\/de\/wp-json\/wp\/v2\/comments?post=8225"}],"version-history":[{"count":1,"href":"https:\/\/www.camping-lebellevue.fr\/de\/wp-json\/wp\/v2\/pages\/8225\/revisions"}],"predecessor-version":[{"id":8240,"href":"https:\/\/www.camping-lebellevue.fr\/de\/wp-json\/wp\/v2\/pages\/8225\/revisions\/8240"}],"wp:featuredmedia":[{"embeddable":true,"href":"https:\/\/www.camping-lebellevue.fr\/de\/wp-json\/wp\/v2\/media\/8227"}],"wp:attachment":[{"href":"https:\/\/www.camping-lebellevue.fr\/de\/wp-json\/wp\/v2\/media?parent=8225"}],"curies":[{"name":"wp","href":"https:\/\/api.w.org\/{rel}","templated":true}]}}