{"id":8241,"date":"2024-11-04T15:12:45","date_gmt":"2024-11-04T14:12:45","guid":{"rendered":"https:\/\/pp-campinglebellevue.naskigo-data.ngsrv.eu\/nos-sejours\/"},"modified":"2025-10-13T11:34:41","modified_gmt":"2025-10-13T09:34:41","slug":"nos-sejours","status":"publish","type":"page","link":"https:\/\/www.camping-lebellevue.fr\/de\/nos-sejours\/","title":{"rendered":"Unsere Aufenthalte"},"content":{"rendered":"\t\t<div data-elementor-type=\"wp-page\" data-elementor-id=\"8241\" class=\"elementor elementor-8241 elementor-19\" data-elementor-post-type=\"page\">\n\t\t\t\t<div class=\"elementor-element elementor-element-5be8a2fe e-con-full e-flex e-con e-parent\" data-id=\"5be8a2fe\" data-element_type=\"container\" data-e-type=\"container\" data-settings=\"{&quot;background_background&quot;:&quot;classic&quot;}\">\n\t\t<div class=\"elementor-element elementor-element-594d2d28 e-flex e-con-boxed e-con e-child\" data-id=\"594d2d28\" data-element_type=\"container\" data-e-type=\"container\">\n\t\t\t\t\t<div class=\"e-con-inner\">\n\t\t\t\t<div class=\"elementor-element elementor-element-62ba8961 elementor-widget elementor-widget-heading\" data-id=\"62ba8961\" data-element_type=\"widget\" data-e-type=\"widget\" data-widget_type=\"heading.default\">\n\t\t\t\t<div class=\"elementor-widget-container\">\n\t\t\t\t\t<h2 class=\"elementor-heading-title elementor-size-default\">Aufenthalt auf dem Campingplatz Le Bellevue: Ihre Oase der Gelassenheit<\/h2>\t\t\t\t<\/div>\n\t\t\t\t<\/div>\n\t\t\t\t<div class=\"elementor-element elementor-element-4fa268ec elementor-widget elementor-widget-text-editor\" data-id=\"4fa268ec\" data-element_type=\"widget\" data-e-type=\"widget\" data-widget_type=\"text-editor.default\">\n\t\t\t\t<div class=\"elementor-widget-container\">\n\t\t\t\t\t\t\t\t\t<p><strong>G\u00f6nnen Sie sich einen entspannenden und erholsamen Aufenthalt inmitten der Natur!<\/strong><\/p>\n<p>Der <strong>Campingplatz Le Bellevue<\/strong> ist mehr als nur ein Urlaubsort: er ist eine wahre Oase des Friedens, wo Ruhe, Gelassenheit und Wohlbefinden herrschen. Unser Campingplatz liegt ideal in einer gesch\u00fctzten Naturlandschaft und l\u00e4dt Sie dazu ein, dem Alltag zu entfliehen und sich auf das Wesentliche zu besinnen. Ob Sie sich nun nach Entspannung, Familienzeit oder einem Zen-Ausflug alleine sehnen, unser Campingplatz ist der perfekte Ort, um Ihre Batterien wieder aufzuladen.  <\/p>\n\t\t\t\t\t\t\t\t<\/div>\n\t\t\t\t<\/div>\n\t\t\t\t\t<\/div>\n\t\t\t\t<\/div>\n\t\t\t\t<div class=\"elementor-element elementor-element-8596d3d elementor-widget elementor-widget-heading\" data-id=\"8596d3d\" data-element_type=\"widget\" data-e-type=\"widget\" data-widget_type=\"heading.default\">\n\t\t\t\t<div class=\"elementor-widget-container\">\n\t\t\t\t\t<h2 class=\"elementor-heading-title elementor-size-default\">Aktuelle Angebote<\/h2>\t\t\t\t<\/div>\n\t\t\t\t<\/div>\n\t\t<div class=\"elementor-element elementor-element-631055a e-flex e-con-boxed e-con e-child\" data-id=\"631055a\" data-element_type=\"container\" data-e-type=\"container\">\n\t\t\t\t\t<div class=\"e-con-inner\">\n\t\t\t\t<div class=\"elementor-element elementor-element-57073f5 elementor-widget__width-inherit elementor-widget elementor-widget-html\" data-id=\"57073f5\" data-element_type=\"widget\" data-e-type=\"widget\" data-widget_type=\"html.default\">\n\t\t\t\t<div class=\"elementor-widget-container\">\n\t\t\t\t\t<ctv-offers data-display-mode=\"carousel\"><\/ctv-offers>\t\t\t\t<\/div>\n\t\t\t\t<\/div>\n\t\t\t\t<div class=\"elementor-element elementor-element-e7260b3 elementor-widget elementor-widget-text-editor\" data-id=\"e7260b3\" data-element_type=\"widget\" data-e-type=\"widget\" data-widget_type=\"text-editor.default\">\n\t\t\t\t<div class=\"elementor-widget-container\">\n\t\t\t\t\t\t\t\t\t<p>Um Ihnen die M\u00f6glichkeit zu geben, die Erfahrung von Le Bellevue zu einem g\u00fcnstigen Preis zu erleben, bieten wir Ihnen spezielle Angebote f\u00fcr Ihren Aufenthalt an:<\/p>\n<ul>\n<li>\n<p><strong style=\"color: currentcolor; font-size: var( --e-global-typography-text-font-size ); text-align: var(--text-align);\">Angebot &#8222;Zen Escapade&#8220; :<\/strong><span style=\"color: currentcolor; font-family: var( --e-global-typography-text-font-family ), Sans-serif; font-size: var( --e-global-typography-text-font-size ); font-weight: var( --e-global-typography-text-font-weight ); text-align: var(--text-align);\">  -10% auf alle Aufenthalte von mindestens 7 N\u00e4chten in der Nebensaison. Die perfekte Gelegenheit, um sich zum kleinen Preis zu erholen! <\/span><\/p>\n<\/li>\n<li>\n<p><span style=\"font-weight: 600; font-family: Qualion-DemiBold;\">Angebot &#8222;Early-booking Nebensaison&#8220;: <\/span><span style=\"color: currentcolor; font-size: var( --e-global-typography-text-font-size ); font-weight: var( --e-global-typography-text-font-weight ); text-align: var(--text-align); font-family: Qualion-DemiBold;\"><span style=\"font-family: 'Qualion book', sans-serif;\">-10% auf alle Aufenthalte von mindestens 3 N\u00e4chten* &#8211; Angebotsende: 27. Januar 2025<\/span><\/span><\/p>\n<\/li>\n<li>\n<p><strong><span style=\"font-family: Qualion-DemiBold; color: currentcolor; font-size: var( --e-global-typography-text-font-size ); text-align: var(--text-align);\">Angebot &#8222;Early-booking Hochsaison&#8220;: <\/span><\/strong><span style=\"color: currentcolor; font-family: Qualion-DemiBold; font-size: var( --e-global-typography-text-font-size ); font-weight: var( --e-global-typography-text-font-weight ); text-align: var(--text-align);\"><span style=\"font-family: 'Qualion book', sans-serif;\">-5% auf alle Aufenthalte** von mindestens 7 N\u00e4chten zwischen dem 12. Juli und dem 30. August 2025 &#8211; Angebotsende am 27. Januar 2025.<\/span><\/span><\/p>\n<\/li>\n<\/ul>\n<div>* Au\u00dfer an verl\u00e4ngerten Wochenenden zu Ostern und Himmelfahrt.<\/div>\n<div>**Ausgenommen Villa Ciel&amp;Mer<\/div>\n\t\t\t\t\t\t\t\t<\/div>\n\t\t\t\t<\/div>\n\t\t\t\t\t<\/div>\n\t\t\t\t<\/div>\n\t\t\t\t<\/div>\n\t\t<div class=\"elementor-element elementor-element-94de14e e-flex e-con-boxed e-con e-parent\" data-id=\"94de14e\" data-element_type=\"container\" data-e-type=\"container\">\n\t\t\t\t\t<div class=\"e-con-inner\">\n\t\t\t\t<div class=\"elementor-element elementor-element-e1fe5c2 elementor-widget elementor-widget-heading\" data-id=\"e1fe5c2\" data-element_type=\"widget\" data-e-type=\"widget\" data-widget_type=\"heading.default\">\n\t\t\t\t<div class=\"elementor-widget-container\">\n\t\t\t\t\t<h2 class=\"elementor-heading-title elementor-size-default\"><span style=\"color: var( --e-global-color-primary );font-family: Chewie-demo, sans-serif;font-size: 31px;text-align: var(--text-align)\">Das Ambiente des Campingplatzes Le Bellevue<\/span><\/h2>\t\t\t\t<\/div>\n\t\t\t\t<\/div>\n\t\t\t\t<div class=\"elementor-element elementor-element-63e9362 elementor-widget elementor-widget-text-editor\" data-id=\"63e9362\" data-element_type=\"widget\" data-e-type=\"widget\" data-widget_type=\"text-editor.default\">\n\t\t\t\t<div class=\"elementor-widget-container\">\n\t\t\t\t\t\t\t\t\t<p>Der <strong>Campingplatz Le Bellevue<\/strong> ist so konzipiert, dass er Ihnen eine friedliche Umgebung bietet, in der Sie sich entspannen und abschalten k\u00f6nnen. Weit weg von der Hektik des Alltags l\u00e4dt unser Platz Sie dazu ein, sich zu verlangsamen, jeden Moment zu genie\u00dfen und sich mit der Natur zu verbinden. Wir legen gro\u00dfen Wert darauf, die ruhige Zen-Atmosph\u00e4re unseres Campingplatzes zu bewahren, mit ger\u00e4umigen Wohnbereichen, die gut in die nat\u00fcrliche Umgebung integriert sind.  <\/p>\n<ul>\n<li>\n<p><strong>Komfortable und gem\u00fctliche Unterk\u00fcnfte<\/strong>: W\u00e4hlen Sie aus unseren Cottages, Chalets oder Mobilheimen, die alle so eingerichtet sind, dass sie Ihnen Komfort und Ruhe bieten.<\/p>\n<\/li>\n<li>\n<p><strong>Ein St\u00fcck Natur<\/strong>: Entspannen Sie sich auf der Terrasse des Spot mit Blick auf das Naturreservat Belle-Henriette.<\/p>\n<\/li>\n<li>\n<p><strong>Momente der Gelassenheit<\/strong>: Ob bei einer Massage, einer Yogastunde oder einfach nur beim Genie\u00dfen der atemberaubenden Aussicht auf die Natur, <strong>Camping Le Bellevue<\/strong> bietet Ihnen an jeder Ecke unseres Anwesens Momente der Gelassenheit.<\/p>\n<\/li>\n<\/ul>\n\t\t\t\t\t\t\t\t<\/div>\n\t\t\t\t<\/div>\n\t\t\t\t<div class=\"elementor-element elementor-element-c792bc9 elementor-align-center elementor-widget elementor-widget-button\" data-id=\"c792bc9\" data-element_type=\"widget\" data-e-type=\"widget\" data-widget_type=\"button.default\">\n\t\t\t\t<div class=\"elementor-widget-container\">\n\t\t\t\t\t\t\t\t\t<div class=\"elementor-button-wrapper\">\n\t\t\t\t\t<a class=\"elementor-button elementor-button-link elementor-size-sm\" href=\"https:\/\/reservation.secureholiday.net\/de\/16662\/\">\n\t\t\t\t\t\t<span class=\"elementor-button-content-wrapper\">\n\t\t\t\t\t\t<span class=\"elementor-button-icon\">\n\t\t\t\t<svg aria-hidden=\"true\" class=\"e-font-icon-svg e-far-bookmark\" viewBox=\"0 0 384 512\" xmlns=\"http:\/\/www.w3.org\/2000\/svg\"><path d=\"M336 0H48C21.49 0 0 21.49 0 48v464l192-112 192 112V48c0-26.51-21.49-48-48-48zm0 428.43l-144-84-144 84V54a6 6 0 0 1 6-6h276c3.314 0 6 2.683 6 5.996V428.43z\"><\/path><\/svg>\t\t\t<\/span>\n\t\t\t\t\t\t\t\t\t<span class=\"elementor-button-text\">Buchen Sie Ihren Aufenthalt im Bellevue<\/span>\n\t\t\t\t\t<\/span>\n\t\t\t\t\t<\/a>\n\t\t\t\t<\/div>\n\t\t\t\t\t\t\t\t<\/div>\n\t\t\t\t<\/div>\n\t\t\t\t\t<\/div>\n\t\t\t\t<\/div>\n\t\t\t\t<\/div>\n\t\t","protected":false},"excerpt":{"rendered":"<p>Aufenthalt auf dem Campingplatz Le Bellevue: Ihre Oase der Gelassenheit G\u00f6nnen Sie sich einen entspannenden und erholsamen Aufenthalt inmitten der Natur! Der Campingplatz Le Bellevue ist mehr als nur ein Urlaubsort: er ist eine wahre Oase des Friedens, wo Ruhe, Gelassenheit und Wohlbefinden herrschen. Unser Campingplatz liegt ideal in einer gesch\u00fctzten Naturlandschaft und l\u00e4dt Sie [&hellip;]<\/p>\n","protected":false},"author":1,"featured_media":8242,"parent":0,"menu_order":0,"comment_status":"closed","ping_status":"closed","template":"","meta":{"_acf_changed":false,"footnotes":""},"class_list":["post-8241","page","type-page","status-publish","has-post-thumbnail","hentry"],"acf":[],"yoast_head":"<title>Gute Pl\u00e4tze Campingplatz in der Vend\u00e9e - Camping Bellevue%<\/title>\n<meta name=\"description\" content=\"Entdecken Sie unsere Sonderangebote f\u00fcr Ihren Aufenthalt auf dem Campingplatz Le Bellevue. Buchen Sie ganz entspannt mit der Stornierungsgarantie!\" \/>\n<meta name=\"robots\" content=\"index, follow, max-snippet:-1, max-image-preview:large, max-video-preview:-1\" \/>\n<link rel=\"canonical\" href=\"https:\/\/www.camping-lebellevue.fr\/de\/nos-sejours\/\" \/>\n<meta property=\"og:locale\" content=\"de_DE\" \/>\n<meta property=\"og:type\" content=\"article\" \/>\n<meta property=\"og:title\" content=\"Gute Pl\u00e4tze Campingplatz in der Vend\u00e9e - Camping Bellevue%\" \/>\n<meta property=\"og:description\" content=\"Entdecken Sie unsere Sonderangebote f\u00fcr Ihren Aufenthalt auf dem Campingplatz Le Bellevue. Buchen Sie ganz entspannt mit der Stornierungsgarantie!\" \/>\n<meta property=\"og:url\" content=\"https:\/\/www.camping-lebellevue.fr\/de\/nos-sejours\/\" \/>\n<meta property=\"og:site_name\" content=\"Camping Bellevue\" \/>\n<meta property=\"article:publisher\" content=\"https:\/\/www.facebook.com\/Le.Bellevue.Camping\/\" \/>\n<meta property=\"article:modified_time\" content=\"2025-10-13T09:34:41+00:00\" \/>\n<meta property=\"og:image\" content=\"https:\/\/www.camping-lebellevue.fr\/wp-content\/uploads\/2024\/12\/cgregphoto-photographe-immobilier-42-1629x1080.jpg\" \/>\n\t<meta property=\"og:image:width\" content=\"1629\" \/>\n\t<meta property=\"og:image:height\" content=\"1226\" \/>\n\t<meta property=\"og:image:type\" content=\"image\/jpeg\" \/>\n<meta name=\"twitter:card\" content=\"summary_large_image\" \/>\n<meta name=\"twitter:label1\" content=\"Gesch\u00e4tzte Lesezeit\" \/>\n\t<meta name=\"twitter:data1\" content=\"2\u00a0Minuten\" \/>\n<script type=\"application\/ld+json\" class=\"yoast-schema-graph\">{\"@context\":\"https:\/\/schema.org\",\"@graph\":[{\"@type\":\"WebPage\",\"@id\":\"https:\/\/www.camping-lebellevue.fr\/de\/nos-sejours\/\",\"url\":\"https:\/\/www.camping-lebellevue.fr\/de\/nos-sejours\/\",\"name\":\"Gute Pl\u00e4tze Campingplatz in der Vend\u00e9e - Camping Bellevue%\",\"isPartOf\":{\"@id\":\"https:\/\/www.camping-lebellevue.fr\/de\/#website\"},\"primaryImageOfPage\":{\"@id\":\"https:\/\/www.camping-lebellevue.fr\/de\/nos-sejours\/#primaryimage\"},\"image\":{\"@id\":\"https:\/\/www.camping-lebellevue.fr\/de\/nos-sejours\/#primaryimage\"},\"thumbnailUrl\":\"https:\/\/www.camping-lebellevue.fr\/wp-content\/uploads\/2024\/12\/cgregphoto-photographe-immobilier-42-1629x1080.jpg\",\"datePublished\":\"2024-11-04T14:12:45+00:00\",\"dateModified\":\"2025-10-13T09:34:41+00:00\",\"description\":\"Entdecken Sie unsere Sonderangebote f\u00fcr Ihren Aufenthalt auf dem Campingplatz Le Bellevue. Buchen Sie ganz entspannt mit der Stornierungsgarantie!\",\"breadcrumb\":{\"@id\":\"https:\/\/www.camping-lebellevue.fr\/de\/nos-sejours\/#breadcrumb\"},\"inLanguage\":\"de\",\"potentialAction\":[{\"@type\":\"ReadAction\",\"target\":[\"https:\/\/www.camping-lebellevue.fr\/de\/nos-sejours\/\"]}]},{\"@type\":\"ImageObject\",\"inLanguage\":\"de\",\"@id\":\"https:\/\/www.camping-lebellevue.fr\/de\/nos-sejours\/#primaryimage\",\"url\":\"https:\/\/www.camping-lebellevue.fr\/wp-content\/uploads\/2024\/12\/cgregphoto-photographe-immobilier-42-1629x1080.jpg\",\"contentUrl\":\"https:\/\/www.camping-lebellevue.fr\/wp-content\/uploads\/2024\/12\/cgregphoto-photographe-immobilier-42-1629x1080.jpg\",\"width\":1629,\"height\":1226},{\"@type\":\"BreadcrumbList\",\"@id\":\"https:\/\/www.camping-lebellevue.fr\/de\/nos-sejours\/#breadcrumb\",\"itemListElement\":[{\"@type\":\"ListItem\",\"position\":1,\"name\":\"Accueil\",\"item\":\"https:\/\/www.camping-lebellevue.fr\/de\/decouvrir-la-tranche-sur-mer\/\"},{\"@type\":\"ListItem\",\"position\":2,\"name\":\"Unsere Aufenthalte\"}]},{\"@type\":\"WebSite\",\"@id\":\"https:\/\/www.camping-lebellevue.fr\/de\/#website\",\"url\":\"https:\/\/www.camping-lebellevue.fr\/de\/\",\"name\":\"Camping Bellevue\",\"description\":\"\",\"potentialAction\":[{\"@type\":\"SearchAction\",\"target\":{\"@type\":\"EntryPoint\",\"urlTemplate\":\"https:\/\/www.camping-lebellevue.fr\/de\/?s={search_term_string}\"},\"query-input\":{\"@type\":\"PropertyValueSpecification\",\"valueRequired\":true,\"valueName\":\"search_term_string\"}}],\"inLanguage\":\"de\"}]}<\/script>","yoast_head_json":{"title":"Gute Pl\u00e4tze Campingplatz in der Vend\u00e9e - Camping Bellevue%","description":"Entdecken Sie unsere Sonderangebote f\u00fcr Ihren Aufenthalt auf dem Campingplatz Le Bellevue. Buchen Sie ganz entspannt mit der Stornierungsgarantie!","robots":{"index":"index","follow":"follow","max-snippet":"max-snippet:-1","max-image-preview":"max-image-preview:large","max-video-preview":"max-video-preview:-1"},"canonical":"https:\/\/www.camping-lebellevue.fr\/de\/nos-sejours\/","og_locale":"de_DE","og_type":"article","og_title":"Gute Pl\u00e4tze Campingplatz in der Vend\u00e9e - Camping Bellevue%","og_description":"Entdecken Sie unsere Sonderangebote f\u00fcr Ihren Aufenthalt auf dem Campingplatz Le Bellevue. Buchen Sie ganz entspannt mit der Stornierungsgarantie!","og_url":"https:\/\/www.camping-lebellevue.fr\/de\/nos-sejours\/","og_site_name":"Camping Bellevue","article_publisher":"https:\/\/www.facebook.com\/Le.Bellevue.Camping\/","article_modified_time":"2025-10-13T09:34:41+00:00","og_image":[{"width":1629,"height":1226,"url":"https:\/\/www.camping-lebellevue.fr\/wp-content\/uploads\/2024\/12\/cgregphoto-photographe-immobilier-42-1629x1080.jpg","type":"image\/jpeg"}],"twitter_card":"summary_large_image","twitter_misc":{"Gesch\u00e4tzte Lesezeit":"2\u00a0Minuten"},"schema":{"@context":"https:\/\/schema.org","@graph":[{"@type":"WebPage","@id":"https:\/\/www.camping-lebellevue.fr\/de\/nos-sejours\/","url":"https:\/\/www.camping-lebellevue.fr\/de\/nos-sejours\/","name":"Gute Pl\u00e4tze Campingplatz in der Vend\u00e9e - Camping Bellevue%","isPartOf":{"@id":"https:\/\/www.camping-lebellevue.fr\/de\/#website"},"primaryImageOfPage":{"@id":"https:\/\/www.camping-lebellevue.fr\/de\/nos-sejours\/#primaryimage"},"image":{"@id":"https:\/\/www.camping-lebellevue.fr\/de\/nos-sejours\/#primaryimage"},"thumbnailUrl":"https:\/\/www.camping-lebellevue.fr\/wp-content\/uploads\/2024\/12\/cgregphoto-photographe-immobilier-42-1629x1080.jpg","datePublished":"2024-11-04T14:12:45+00:00","dateModified":"2025-10-13T09:34:41+00:00","description":"Entdecken Sie unsere Sonderangebote f\u00fcr Ihren Aufenthalt auf dem Campingplatz Le Bellevue. Buchen Sie ganz entspannt mit der Stornierungsgarantie!","breadcrumb":{"@id":"https:\/\/www.camping-lebellevue.fr\/de\/nos-sejours\/#breadcrumb"},"inLanguage":"de","potentialAction":[{"@type":"ReadAction","target":["https:\/\/www.camping-lebellevue.fr\/de\/nos-sejours\/"]}]},{"@type":"ImageObject","inLanguage":"de","@id":"https:\/\/www.camping-lebellevue.fr\/de\/nos-sejours\/#primaryimage","url":"https:\/\/www.camping-lebellevue.fr\/wp-content\/uploads\/2024\/12\/cgregphoto-photographe-immobilier-42-1629x1080.jpg","contentUrl":"https:\/\/www.camping-lebellevue.fr\/wp-content\/uploads\/2024\/12\/cgregphoto-photographe-immobilier-42-1629x1080.jpg","width":1629,"height":1226},{"@type":"BreadcrumbList","@id":"https:\/\/www.camping-lebellevue.fr\/de\/nos-sejours\/#breadcrumb","itemListElement":[{"@type":"ListItem","position":1,"name":"Accueil","item":"https:\/\/www.camping-lebellevue.fr\/de\/decouvrir-la-tranche-sur-mer\/"},{"@type":"ListItem","position":2,"name":"Unsere Aufenthalte"}]},{"@type":"WebSite","@id":"https:\/\/www.camping-lebellevue.fr\/de\/#website","url":"https:\/\/www.camping-lebellevue.fr\/de\/","name":"Camping Bellevue","description":"","potentialAction":[{"@type":"SearchAction","target":{"@type":"EntryPoint","urlTemplate":"https:\/\/www.camping-lebellevue.fr\/de\/?s={search_term_string}"},"query-input":{"@type":"PropertyValueSpecification","valueRequired":true,"valueName":"search_term_string"}}],"inLanguage":"de"}]}},"_links":{"self":[{"href":"https:\/\/www.camping-lebellevue.fr\/de\/wp-json\/wp\/v2\/pages\/8241","targetHints":{"allow":["GET"]}}],"collection":[{"href":"https:\/\/www.camping-lebellevue.fr\/de\/wp-json\/wp\/v2\/pages"}],"about":[{"href":"https:\/\/www.camping-lebellevue.fr\/de\/wp-json\/wp\/v2\/types\/page"}],"author":[{"embeddable":true,"href":"https:\/\/www.camping-lebellevue.fr\/de\/wp-json\/wp\/v2\/users\/1"}],"replies":[{"embeddable":true,"href":"https:\/\/www.camping-lebellevue.fr\/de\/wp-json\/wp\/v2\/comments?post=8241"}],"version-history":[{"count":5,"href":"https:\/\/www.camping-lebellevue.fr\/de\/wp-json\/wp\/v2\/pages\/8241\/revisions"}],"predecessor-version":[{"id":9173,"href":"https:\/\/www.camping-lebellevue.fr\/de\/wp-json\/wp\/v2\/pages\/8241\/revisions\/9173"}],"wp:featuredmedia":[{"embeddable":true,"href":"https:\/\/www.camping-lebellevue.fr\/de\/wp-json\/wp\/v2\/media\/8242"}],"wp:attachment":[{"href":"https:\/\/www.camping-lebellevue.fr\/de\/wp-json\/wp\/v2\/media?parent=8241"}],"curies":[{"name":"wp","href":"https:\/\/api.w.org\/{rel}","templated":true}]}}