{"id":8358,"date":"2024-11-04T14:23:16","date_gmt":"2024-11-04T13:23:16","guid":{"rendered":"https:\/\/pp-campinglebellevue.naskigo-data.ngsrv.eu\/politique-de-confidentialite\/"},"modified":"2025-01-13T17:17:00","modified_gmt":"2025-01-13T16:17:00","slug":"datenschutzrichtlinie","status":"publish","type":"page","link":"https:\/\/www.camping-lebellevue.fr\/de\/datenschutzrichtlinie\/","title":{"rendered":"Datenschutzrichtlinie"},"content":{"rendered":"\t\t<div data-elementor-type=\"wp-page\" data-elementor-id=\"8358\" class=\"elementor elementor-8358 elementor-3\" data-elementor-post-type=\"page\">\n\t\t\t\t<div class=\"elementor-element elementor-element-36f13a72 e-flex e-con-boxed e-con e-parent\" data-id=\"36f13a72\" data-element_type=\"container\" data-e-type=\"container\">\n\t\t\t\t\t<div class=\"e-con-inner\">\n\t\t\t\t<div class=\"elementor-element elementor-element-2c61aec2 elementor-widget elementor-widget-text-editor\" data-id=\"2c61aec2\" data-element_type=\"widget\" data-e-type=\"widget\" data-widget_type=\"text-editor.default\">\n\t\t\t\t<div class=\"elementor-widget-container\">\n\t\t\t\t\t\t\t\t\t<h2>Pers\u00f6nliche Daten<\/h2>\n<p>Sie k\u00f6nnen auf unserer Website im Internet surfen, ohne Ihre Identit\u00e4t anzugeben oder pers\u00f6nliche Informationen \u00fcber Sie zu liefern. Wir k\u00f6nnen jedoch insbesondere Ihren Namen, Vornamen, Ihre E-Mail-Adresse, Telefonnummer, IP-Adresse, Verbindungsdaten und Navigationsdaten sammeln und verarbeiten. Ob die Daten obligatorisch oder fakultativ sind, wird Ihnen bei der Erhebung mit einem Sternchen angezeigt. Einige Daten werden automatisch aufgrund Ihrer Aktionen auf der Website gesammelt.   <\/p>\n<p>Die auf unseren Formularen gesammelten Informationen werden in einer elektronischen Datei gespeichert, um Mitarbeiter einzustellen, eine Datei f\u00fcr die Verwaltung von Interessenten und Kunden zu erstellen, Kontakt aufzunehmen und\/oder den Personen, die dies w\u00fcnschen, relevante und qualitativ hochwertige Inhalte anzubieten. Wenn Sie einen Lebenslauf oder eine Initiativbewerbung online \u00fcbermitteln, werden wir Ihre pers\u00f6nlichen Daten f\u00fcr die Zwecke der Personalbeschaffung verwenden. <\/p>\n<p> <\/p>\n<p><\/p>\n<h2 class=\"wp-block-heading\">Wer sind wir?<\/h2>\n<p><\/p>\n<p>Die Adresse unserer Website ist: https:\/\/www.camping-lebellevue.fr\/<\/p>\n<p><\/p>\n<h2 class=\"wp-block-heading\">Kommentare<\/h2>\n<p><\/p>\n<p>Wenn Sie einen Kommentar auf unserer Website hinterlassen, werden die Daten, die Sie in das Kommentarformular eingeben, sowie Ihre IP-Adresse und der User Agent Ihres Browsers gesammelt, um uns bei der Erkennung von unerw\u00fcnschten Kommentaren zu helfen.<\/p>\n<p><\/p>\n<p>Eine anonymisierte Zeichenfolge, die aus Ihrer E-Mail-Adresse erstellt wird (auch Hash genannt), kann an den Gravatar-Service gesendet werden, um zu \u00fcberpr\u00fcfen, ob Sie diesen Service nutzen. Die Datenschutzbestimmungen des Gravatar-Dienstes finden Sie hier: https:\/\/automattic.com\/privacy\/. Nachdem Sie Ihren Kommentar freigegeben haben, wird Ihr Profilbild neben Ihrem Kommentar \u00f6ffentlich sichtbar. <\/p>\n<p><\/p>\n<h2 class=\"wp-block-heading\">Medien<\/h2>\n<p><\/p>\n<p>Wenn Sie Bilder auf die Website hochladen, empfehlen wir Ihnen, das Hochladen von Bildern zu vermeiden, die EXIF-Daten von GPS-Koordinaten enthalten. Personen, die Ihre Website besuchen, k\u00f6nnen Standortdaten aus diesen Bildern herunterladen und extrahieren. <\/p>\n<p><\/p>\n<h2 class=\"wp-block-heading\">Cookies<\/h2>\n<p><\/p>\n<p>Wenn Sie einen Kommentar auf unserer Website abgeben, werden Sie aufgefordert, Ihren Namen, Ihre E-Mail-Adresse und Ihre Website in Cookies zu speichern. Dies geschieht nur zu Ihrer Bequemlichkeit, damit Sie diese Informationen nicht eingeben m\u00fcssen, wenn Sie sp\u00e4ter einen weiteren Kommentar abgeben. Diese Cookies laufen nach einem Jahr ab.  <\/p>\n<p><\/p>\n<p>Wenn Sie die Anmeldeseite aufrufen, wird ein tempor\u00e4res Cookie erstellt, um festzustellen, ob Ihr Browser Cookies akzeptiert. Es enth\u00e4lt keine pers\u00f6nlichen Daten und wird automatisch gel\u00f6scht, wenn Sie Ihren Browser schlie\u00dfen. <\/p>\n<p><\/p>\n<p>Wenn Sie sich einloggen, werden wir eine Reihe von Cookies setzen, um Ihre Anmeldeinformationen und Bildschirmeinstellungen zu speichern. Die Lebensdauer eines Login-Cookies betr\u00e4gt zwei Tage, die eines Cookies f\u00fcr die Bildschirmeinstellungen ein Jahr. Wenn Sie &#8222;An mich erinnern&#8220; ankreuzen, wird Ihr Anmelde-Cookie zwei Wochen lang gespeichert. Wenn Sie sich von Ihrem Konto abmelden, wird das Login-Cookie gel\u00f6scht.   <\/p>\n<p><\/p>\n<p>Wenn Sie einen Beitrag bearbeiten oder ver\u00f6ffentlichen, wird ein zus\u00e4tzliches Cookie in Ihrem Browser gespeichert. Dieses Cookie enth\u00e4lt keine pers\u00f6nlichen Daten. Es zeigt lediglich die ID des Beitrags an, den Sie gerade bearbeitet haben. Das Cookie l\u00e4uft nach einem Tag ab.   <\/p>\n<p><\/p>\n<h2 class=\"wp-block-heading\">Eingebettete Inhalte von anderen Websites<\/h2>\n<p><\/p>\n<p>Die Artikel auf dieser Website k\u00f6nnen eingebettete Inhalte enthalten (z.B. Videos, Bilder, Artikel&#8230;). Eingebettete Inhalte von anderen Websites verhalten sich so, als ob der Besucher diese andere Website besuchen w\u00fcrde. <\/p>\n<p><\/p>\n<p>Diese Webseiten k\u00f6nnen Daten \u00fcber Sie sammeln, Cookies verwenden, Tracking-Tools von Dritten einbetten und Ihre Interaktionen mit diesen eingebetteten Inhalten verfolgen, wenn Sie ein angemeldetes Konto auf ihrer Webseite haben.<\/p>\n<p><\/p>\n<h2 class=\"wp-block-heading\">Nutzung und \u00dcbermittlung Ihrer pers\u00f6nlichen Daten<\/h2>\n<p><\/p>\n<p>Wenn Sie ein Zur\u00fccksetzen Ihres Passworts anfordern, wird Ihre IP-Adresse in die E-Mail mit dem Zur\u00fccksetzen aufgenommen.<\/p>\n<p><\/p>\n<h2 class=\"wp-block-heading\">Dauer der Speicherung Ihrer Daten<\/h2>\n<p><\/p>\n<p>Wenn Sie einen Kommentar hinterlassen, werden der Kommentar und seine Metadaten auf unbestimmte Zeit gespeichert. Dies erm\u00f6glicht es, nachfolgende Kommentare automatisch zu erkennen und freizugeben, anstatt sie in der Moderationswarteschlange zu belassen. <\/p>\n<p><\/p>\n<p>F\u00fcr Konten, die sich auf unserer Website registrieren (falls zutreffend), speichern wir auch die pers\u00f6nlichen Daten, die in ihrem Profil angegeben sind. Alle Konten k\u00f6nnen ihre pers\u00f6nlichen Daten jederzeit einsehen, \u00e4ndern oder l\u00f6schen (mit Ausnahme ihres Benutzernamens). Auch die Betreiber der Website k\u00f6nnen diese Informationen einsehen und \u00e4ndern.  <\/p>\n<p><\/p>\n<h2 class=\"wp-block-heading\">Die Rechte, die Sie \u00fcber Ihre Daten haben<\/h2>\n<p><\/p>\n<p>Gem\u00e4\u00df dem Gesetz &#8222;Informatik und Freiheiten&#8220; k\u00f6nnen Sie Ihr Recht auf Zugang zu den Sie betreffenden Daten aus\u00fcben und diese berichtigen lassen, indem Sie sich an folgende Adresse wenden: catherine.daunis@inticde.fr unter Angabe der E-Mail-Adresse, die Sie zum Ausf\u00fcllen eines unserer Formulare verwendet haben.<\/p>\n<p><\/p>\n<h2 class=\"wp-block-heading\">Wohin Ihre Daten gesendet werden<\/h2>\n<p><\/p>\n<p>Die Kommentare der Besucher k\u00f6nnen mit Hilfe eines automatisierten Dienstes zur Erkennung unerw\u00fcnschter Kommentare \u00fcberpr\u00fcft werden.<\/p>\n<p><\/p>\t\t\t\t\t\t\t\t<\/div>\n\t\t\t\t<\/div>\n\t\t\t\t\t<\/div>\n\t\t\t\t<\/div>\n\t\t\t\t<\/div>\n\t\t","protected":false},"excerpt":{"rendered":"<p>Pers\u00f6nliche Daten Sie k\u00f6nnen auf unserer Website im Internet surfen, ohne Ihre Identit\u00e4t anzugeben oder pers\u00f6nliche Informationen \u00fcber Sie zu liefern. Wir k\u00f6nnen jedoch insbesondere Ihren Namen, Vornamen, Ihre E-Mail-Adresse, Telefonnummer, IP-Adresse, Verbindungsdaten und Navigationsdaten sammeln und verarbeiten. Ob die Daten obligatorisch oder fakultativ sind, wird Ihnen bei der Erhebung mit einem Sternchen angezeigt. Einige [&hellip;]<\/p>\n","protected":false},"author":1,"featured_media":8359,"parent":0,"menu_order":0,"comment_status":"closed","ping_status":"open","template":"","meta":{"_acf_changed":false,"footnotes":""},"class_list":["post-8358","page","type-page","status-publish","has-post-thumbnail","hentry"],"acf":[],"yoast_head":"<title>Datenschutzrichtlinie - Camping Bellevue<\/title>\n<meta name=\"robots\" content=\"index, follow, max-snippet:-1, max-image-preview:large, max-video-preview:-1\" \/>\n<link rel=\"canonical\" href=\"https:\/\/www.camping-lebellevue.fr\/de\/datenschutzrichtlinie\/\" \/>\n<meta property=\"og:locale\" content=\"de_DE\" \/>\n<meta property=\"og:type\" content=\"article\" \/>\n<meta property=\"og:title\" content=\"Datenschutzrichtlinie - Camping Bellevue\" \/>\n<meta property=\"og:description\" content=\"Pers\u00f6nliche Daten Sie k\u00f6nnen auf unserer Website im Internet surfen, ohne Ihre Identit\u00e4t anzugeben oder pers\u00f6nliche Informationen \u00fcber Sie zu liefern. Wir k\u00f6nnen jedoch insbesondere Ihren Namen, Vornamen, Ihre E-Mail-Adresse, Telefonnummer, IP-Adresse, Verbindungsdaten und Navigationsdaten sammeln und verarbeiten. Ob die Daten obligatorisch oder fakultativ sind, wird Ihnen bei der Erhebung mit einem Sternchen angezeigt. Einige [&hellip;]\" \/>\n<meta property=\"og:url\" content=\"https:\/\/www.camping-lebellevue.fr\/de\/datenschutzrichtlinie\/\" \/>\n<meta property=\"og:site_name\" content=\"Camping Bellevue\" \/>\n<meta property=\"article:publisher\" content=\"https:\/\/www.facebook.com\/Le.Bellevue.Camping\/\" \/>\n<meta property=\"article:modified_time\" content=\"2025-01-13T16:17:00+00:00\" \/>\n<meta property=\"og:image\" content=\"https:\/\/www.camping-lebellevue.fr\/wp-content\/uploads\/2024\/12\/camping-le-bellevue-tranche-sur-mer-e1734528553771-1310x1080.jpg\" \/>\n\t<meta property=\"og:image:width\" content=\"1310\" \/>\n\t<meta property=\"og:image:height\" content=\"1220\" \/>\n\t<meta property=\"og:image:type\" content=\"image\/jpeg\" \/>\n<meta name=\"twitter:card\" content=\"summary_large_image\" \/>\n<meta name=\"twitter:label1\" content=\"Gesch\u00e4tzte Lesezeit\" \/>\n\t<meta name=\"twitter:data1\" content=\"4\u00a0Minuten\" \/>\n<script type=\"application\/ld+json\" class=\"yoast-schema-graph\">{\"@context\":\"https:\/\/schema.org\",\"@graph\":[{\"@type\":\"WebPage\",\"@id\":\"https:\/\/www.camping-lebellevue.fr\/de\/datenschutzrichtlinie\/\",\"url\":\"https:\/\/www.camping-lebellevue.fr\/de\/datenschutzrichtlinie\/\",\"name\":\"Datenschutzrichtlinie - Camping Bellevue\",\"isPartOf\":{\"@id\":\"https:\/\/www.camping-lebellevue.fr\/de\/#website\"},\"primaryImageOfPage\":{\"@id\":\"https:\/\/www.camping-lebellevue.fr\/de\/datenschutzrichtlinie\/#primaryimage\"},\"image\":{\"@id\":\"https:\/\/www.camping-lebellevue.fr\/de\/datenschutzrichtlinie\/#primaryimage\"},\"thumbnailUrl\":\"https:\/\/www.camping-lebellevue.fr\/wp-content\/uploads\/2024\/12\/camping-le-bellevue-tranche-sur-mer-e1734528553771-1310x1080.jpg\",\"datePublished\":\"2024-11-04T13:23:16+00:00\",\"dateModified\":\"2025-01-13T16:17:00+00:00\",\"breadcrumb\":{\"@id\":\"https:\/\/www.camping-lebellevue.fr\/de\/datenschutzrichtlinie\/#breadcrumb\"},\"inLanguage\":\"de\",\"potentialAction\":[{\"@type\":\"ReadAction\",\"target\":[\"https:\/\/www.camping-lebellevue.fr\/de\/datenschutzrichtlinie\/\"]}]},{\"@type\":\"ImageObject\",\"inLanguage\":\"de\",\"@id\":\"https:\/\/www.camping-lebellevue.fr\/de\/datenschutzrichtlinie\/#primaryimage\",\"url\":\"https:\/\/www.camping-lebellevue.fr\/wp-content\/uploads\/2024\/12\/camping-le-bellevue-tranche-sur-mer-e1734528553771-1310x1080.jpg\",\"contentUrl\":\"https:\/\/www.camping-lebellevue.fr\/wp-content\/uploads\/2024\/12\/camping-le-bellevue-tranche-sur-mer-e1734528553771-1310x1080.jpg\",\"width\":1310,\"height\":1220},{\"@type\":\"BreadcrumbList\",\"@id\":\"https:\/\/www.camping-lebellevue.fr\/de\/datenschutzrichtlinie\/#breadcrumb\",\"itemListElement\":[{\"@type\":\"ListItem\",\"position\":1,\"name\":\"Accueil\",\"item\":\"https:\/\/www.camping-lebellevue.fr\/de\/decouvrir-la-tranche-sur-mer\/\"},{\"@type\":\"ListItem\",\"position\":2,\"name\":\"Datenschutzrichtlinie\"}]},{\"@type\":\"WebSite\",\"@id\":\"https:\/\/www.camping-lebellevue.fr\/de\/#website\",\"url\":\"https:\/\/www.camping-lebellevue.fr\/de\/\",\"name\":\"Camping Bellevue\",\"description\":\"\",\"potentialAction\":[{\"@type\":\"SearchAction\",\"target\":{\"@type\":\"EntryPoint\",\"urlTemplate\":\"https:\/\/www.camping-lebellevue.fr\/de\/?s={search_term_string}\"},\"query-input\":{\"@type\":\"PropertyValueSpecification\",\"valueRequired\":true,\"valueName\":\"search_term_string\"}}],\"inLanguage\":\"de\"}]}<\/script>","yoast_head_json":{"title":"Datenschutzrichtlinie - Camping Bellevue","robots":{"index":"index","follow":"follow","max-snippet":"max-snippet:-1","max-image-preview":"max-image-preview:large","max-video-preview":"max-video-preview:-1"},"canonical":"https:\/\/www.camping-lebellevue.fr\/de\/datenschutzrichtlinie\/","og_locale":"de_DE","og_type":"article","og_title":"Datenschutzrichtlinie - Camping Bellevue","og_description":"Pers\u00f6nliche Daten Sie k\u00f6nnen auf unserer Website im Internet surfen, ohne Ihre Identit\u00e4t anzugeben oder pers\u00f6nliche Informationen \u00fcber Sie zu liefern. Wir k\u00f6nnen jedoch insbesondere Ihren Namen, Vornamen, Ihre E-Mail-Adresse, Telefonnummer, IP-Adresse, Verbindungsdaten und Navigationsdaten sammeln und verarbeiten. Ob die Daten obligatorisch oder fakultativ sind, wird Ihnen bei der Erhebung mit einem Sternchen angezeigt. Einige [&hellip;]","og_url":"https:\/\/www.camping-lebellevue.fr\/de\/datenschutzrichtlinie\/","og_site_name":"Camping Bellevue","article_publisher":"https:\/\/www.facebook.com\/Le.Bellevue.Camping\/","article_modified_time":"2025-01-13T16:17:00+00:00","og_image":[{"width":1310,"height":1220,"url":"https:\/\/www.camping-lebellevue.fr\/wp-content\/uploads\/2024\/12\/camping-le-bellevue-tranche-sur-mer-e1734528553771-1310x1080.jpg","type":"image\/jpeg"}],"twitter_card":"summary_large_image","twitter_misc":{"Gesch\u00e4tzte Lesezeit":"4\u00a0Minuten"},"schema":{"@context":"https:\/\/schema.org","@graph":[{"@type":"WebPage","@id":"https:\/\/www.camping-lebellevue.fr\/de\/datenschutzrichtlinie\/","url":"https:\/\/www.camping-lebellevue.fr\/de\/datenschutzrichtlinie\/","name":"Datenschutzrichtlinie - Camping Bellevue","isPartOf":{"@id":"https:\/\/www.camping-lebellevue.fr\/de\/#website"},"primaryImageOfPage":{"@id":"https:\/\/www.camping-lebellevue.fr\/de\/datenschutzrichtlinie\/#primaryimage"},"image":{"@id":"https:\/\/www.camping-lebellevue.fr\/de\/datenschutzrichtlinie\/#primaryimage"},"thumbnailUrl":"https:\/\/www.camping-lebellevue.fr\/wp-content\/uploads\/2024\/12\/camping-le-bellevue-tranche-sur-mer-e1734528553771-1310x1080.jpg","datePublished":"2024-11-04T13:23:16+00:00","dateModified":"2025-01-13T16:17:00+00:00","breadcrumb":{"@id":"https:\/\/www.camping-lebellevue.fr\/de\/datenschutzrichtlinie\/#breadcrumb"},"inLanguage":"de","potentialAction":[{"@type":"ReadAction","target":["https:\/\/www.camping-lebellevue.fr\/de\/datenschutzrichtlinie\/"]}]},{"@type":"ImageObject","inLanguage":"de","@id":"https:\/\/www.camping-lebellevue.fr\/de\/datenschutzrichtlinie\/#primaryimage","url":"https:\/\/www.camping-lebellevue.fr\/wp-content\/uploads\/2024\/12\/camping-le-bellevue-tranche-sur-mer-e1734528553771-1310x1080.jpg","contentUrl":"https:\/\/www.camping-lebellevue.fr\/wp-content\/uploads\/2024\/12\/camping-le-bellevue-tranche-sur-mer-e1734528553771-1310x1080.jpg","width":1310,"height":1220},{"@type":"BreadcrumbList","@id":"https:\/\/www.camping-lebellevue.fr\/de\/datenschutzrichtlinie\/#breadcrumb","itemListElement":[{"@type":"ListItem","position":1,"name":"Accueil","item":"https:\/\/www.camping-lebellevue.fr\/de\/decouvrir-la-tranche-sur-mer\/"},{"@type":"ListItem","position":2,"name":"Datenschutzrichtlinie"}]},{"@type":"WebSite","@id":"https:\/\/www.camping-lebellevue.fr\/de\/#website","url":"https:\/\/www.camping-lebellevue.fr\/de\/","name":"Camping Bellevue","description":"","potentialAction":[{"@type":"SearchAction","target":{"@type":"EntryPoint","urlTemplate":"https:\/\/www.camping-lebellevue.fr\/de\/?s={search_term_string}"},"query-input":{"@type":"PropertyValueSpecification","valueRequired":true,"valueName":"search_term_string"}}],"inLanguage":"de"}]}},"_links":{"self":[{"href":"https:\/\/www.camping-lebellevue.fr\/de\/wp-json\/wp\/v2\/pages\/8358","targetHints":{"allow":["GET"]}}],"collection":[{"href":"https:\/\/www.camping-lebellevue.fr\/de\/wp-json\/wp\/v2\/pages"}],"about":[{"href":"https:\/\/www.camping-lebellevue.fr\/de\/wp-json\/wp\/v2\/types\/page"}],"author":[{"embeddable":true,"href":"https:\/\/www.camping-lebellevue.fr\/de\/wp-json\/wp\/v2\/users\/1"}],"replies":[{"embeddable":true,"href":"https:\/\/www.camping-lebellevue.fr\/de\/wp-json\/wp\/v2\/comments?post=8358"}],"version-history":[{"count":5,"href":"https:\/\/www.camping-lebellevue.fr\/de\/wp-json\/wp\/v2\/pages\/8358\/revisions"}],"predecessor-version":[{"id":8392,"href":"https:\/\/www.camping-lebellevue.fr\/de\/wp-json\/wp\/v2\/pages\/8358\/revisions\/8392"}],"wp:featuredmedia":[{"embeddable":true,"href":"https:\/\/www.camping-lebellevue.fr\/de\/wp-json\/wp\/v2\/media\/8359"}],"wp:attachment":[{"href":"https:\/\/www.camping-lebellevue.fr\/de\/wp-json\/wp\/v2\/media?parent=8358"}],"curies":[{"name":"wp","href":"https:\/\/api.w.org\/{rel}","templated":true}]}}