{"id":8455,"date":"2024-12-13T10:02:33","date_gmt":"2024-12-13T09:02:33","guid":{"rendered":"https:\/\/pp-campinglebellevue.naskigo-data.ngsrv.eu\/mentions-legales\/"},"modified":"2025-01-13T17:18:56","modified_gmt":"2025-01-13T16:18:56","slug":"rechtliche-hinweise","status":"publish","type":"page","link":"https:\/\/www.camping-lebellevue.fr\/de\/rechtliche-hinweise\/","title":{"rendered":"Rechtliche Hinweise"},"content":{"rendered":"\t\t<div data-elementor-type=\"wp-page\" data-elementor-id=\"8455\" class=\"elementor elementor-8455 elementor-7182\" data-elementor-post-type=\"page\">\n\t\t\t\t<div class=\"elementor-element elementor-element-d30d78d e-flex e-con-boxed e-con e-parent\" data-id=\"d30d78d\" data-element_type=\"container\" data-e-type=\"container\">\n\t\t\t\t\t<div class=\"e-con-inner\">\n\t\t\t\t<div class=\"elementor-element elementor-element-dce6c1a elementor-widget elementor-widget-text-editor\" data-id=\"dce6c1a\" data-element_type=\"widget\" data-e-type=\"widget\" data-widget_type=\"text-editor.default\">\n\t\t\t\t<div class=\"elementor-widget-container\">\n\t\t\t\t\t\t\t\t\t<h2>Allgemeine Informationen<\/h2>\n<p><strong>Campingplatz Le Bellevue<\/strong><\/p>\n<p>SARL mit einem Kapital von 10.000 \u20ac<br \/>SIRET: 892 292 160 00017<br \/>Innergemeinschaftliche Mehrwertsteuer: FR84 892 292 160 00017<\/p>\n<p>Hauptsitz:<br \/>Le Bellevue***<br \/>Boulevard De Lattre De Tassigny<br \/>85360 LA TRANCHE SUR MER<\/p>\n<p>Ersteller der Website ist : <strong><a href=\"http:\/\/www.naskigo.fr\">Webagentur Naskigo<\/a><br \/><\/strong>24 avenue L\u00e9o Lagrange 79000 NIORT<strong><br \/><\/strong>Tel.: 05 46 46 85 57<\/p>\n<p>Verantwortlich f\u00fcr die Redaktion: Catherine Daunis<\/p>\n<p><strong>Unterkunft :<\/strong><\/p>\n<p>Das Hosting der Website erfolgt durch die Firma: Web IA<br \/>6B Av. Jules Verne, 44230 Saint-S\u00e9bastien-sur-Loire<br \/>Tel.: <span aria-label=\"Appeler le 02 28 00 01 26\">02 28 00 01 26<\/span> <\/p>\n<h2>Beschreibung der erbrachten Dienstleistungen :<\/h2>\n<p>Die Website <a href=\"https:\/\/www.camping-lebellevue.fr\/\">https:\/\/www.camping-lebellevue.fr\/<\/a> soll \u00fcber alle Aktivit\u00e4ten des Unternehmens informieren.<br \/>Der Eigent\u00fcmer der Website bem\u00fcht sich, auf der Website <a href=\"https:\/\/www.camping-lebellevue.fr\/\">https:\/\/www.camping-lebellevue.fr\/<\/a> m\u00f6glichst genaue Informationen zur Verf\u00fcgung zu stellen. Er kann jedoch nicht f\u00fcr Auslassungen, Ungenauigkeiten und M\u00e4ngel in der Aktualisierung haftbar gemacht werden, sei es durch ihn selbst oder durch dritte Partner, die ihm diese Informationen zur Verf\u00fcgung stellen.<br \/>Alle auf der Website <a href=\"https:\/\/www.camping-lebellevue.fr\/\">https:\/\/www.camping-lebellevue.fr\/<\/a> angebotenen Informationen sind unverbindlich, nicht ersch\u00f6pfend und k\u00f6nnen sich \u00e4ndern. Sie sind vorbehaltlich der \u00c4nderungen, die seit ihrer Online-Ver\u00f6ffentlichung vorgenommen wurden.  <\/p>\n<h2>Geistiges Eigentum und F\u00e4lschungen :<\/h2>\n<p>Der Eigent\u00fcmer der Website ist Eigent\u00fcmer der Rechte am geistigen Eigentum oder besitzt die Nutzungsrechte f\u00fcr alle auf der Website zug\u00e4nglichen Elemente, insbesondere Texte, Bilder, Grafiken, Logos, Icons, T\u00f6ne, Software&#8230;.<br \/>Jede Vervielf\u00e4ltigung, Darstellung, \u00c4nderung, Ver\u00f6ffentlichung, vollst\u00e4ndige oder teilweise Anpassung der Elemente der Website, unabh\u00e4ngig von den verwendeten Mitteln oder Verfahren, ist untersagt, es sei denn, es liegt eine vorherige schriftliche Genehmigung vor, die an die E-Mail-Adresse catherine.daunis@inticde.fr gesendet wird.<br \/>Jede nicht genehmigte Nutzung der Website oder eines der darin enthaltenen Elemente wird als F\u00e4lschung angesehen und gem\u00e4\u00df den Bestimmungen der Artikel L.335-2 ff. des Gesetzes \u00fcber geistiges Eigentum (Code de Propri\u00e9t\u00e9 Intellectuelle) verfolgt.<\/p>\n<h2>Pers\u00f6nliche Daten und Cookies<\/h2>\n<p>Le Bellevue verpflichtet sich, die Privatsph\u00e4re der Besucher seiner Website und seiner Kunden zu sch\u00fctzen.<br \/>Wir verpflichten uns, die Informationen \u00fcber unsere Kunden nicht an Dritte weiterzugeben, es sei denn, es handelt sich um eine Dienstleistung oder wir erhalten deren Zustimmung. Wir k\u00f6nnen jedoch nicht f\u00fcr die Handlungen von Websites Dritter haftbar gemacht werden, von denen Sie auf <a href=\"https:\/\/www.camping-lebellevue.fr\/\">https:\/\/www.camping-lebellevue.fr\/<\/a> weitergeleitet wurden. <\/p>\n<p><strong>1\/Cookies<\/strong><\/p>\n<p><strong>Was ist ein Cookie?<\/strong><\/p>\n<p>Ein Cookie ist eine kleine Textdatei, die \u00fcber unsere Website <a href=\"https:\/\/www.camping-lebellevue.fr\">www.camping-lebellevue.fr<\/a> an Ihren Browser gesendet wird <a href=\"https:\/\/www.camping-lebellevue.fr\">.<\/a> Mit Hilfe eines Cookies werden Informationen \u00fcber Ihren Besuch auf der Website www.camping-lebellevue.fr gespeichert. <\/p>\n<p><strong>Warum werden auf www.camping-lebellevue.fr Cookies verwendet?<\/strong><\/p>\n<p>Die Website www.camping-lebellevue.fr verwendet Cookies f\u00fcr funktionelle, statistische und Werbezwecke. Sie erm\u00f6glichen ein besseres Surferlebnis w\u00e4hrend Ihrer Sitzungen auf www.camping-lebellevue.fr.<br \/>Diese Cookies erm\u00f6glichen die Funktionen der Personalisierung f\u00fcr den Kunden und die Sicherung der Verbindung. Die Annahme von Cookies (durch die Einstellung Ihres Browsers) ist f\u00fcr den Zugriff auf <a href=\"https:\/\/www.camping-lebellevue.fr\">www.camping-lebellevue.fr<\/a> und seine Funktionen unerl\u00e4sslich.  <\/p>\n<p><strong>Ihre Wahl bez\u00fcglich der Cookies<\/strong><\/p>\n<p>Sie k\u00f6nnen die Annahme von Cookies jederzeit \u00fcber die Optionen Ihres Internetbrowsers blockieren:<\/p>\n<p><strong>Unter Microsoft Internet Explorer<\/strong><\/p>\n<ol>\n<li>W\u00e4hlen Sie das Men\u00fc &#8222;Extras&#8220; und dann &#8222;Internetoptionen&#8220;.<\/li>\n<li>Klicken Sie auf die Registerkarte &#8222;Datenschutz&#8220;.<\/li>\n<li>W\u00e4hlen Sie mit dem Schieberegler die gew\u00fcnschte Stufe aus.<\/li>\n<\/ol>\n<p><strong>In Mozilla Firefox<\/strong><\/p>\n<ol>\n<li>W\u00e4hlen Sie das Men\u00fc &#8222;Extras&#8220; und dann &#8222;Optionen&#8220;.<\/li>\n<li>Klicken Sie auf die Registerkarte &#8222;Privatsph\u00e4re&#8220;.<\/li>\n<li>W\u00e4hlen Sie in der Dropdown-Liste &#8222;Aufbewahrungsregeln&#8220; die gew\u00fcnschte Stufe aus.<\/li>\n<\/ol>\n<p><strong>In Google Chrome<\/strong><\/p>\n<ol>\n<li>Klicken Sie auf das Symbol, um das Einstellungsmen\u00fc aufzurufen.<\/li>\n<li>Klicken Sie auf &#8222;Optionen&#8220;.<\/li>\n<li>W\u00e4hlen Sie im Bereich &#8222;Verlauf&#8220; die Option &#8222;Benutzerdefinierte Einstellungen f\u00fcr den Verlauf verwenden&#8220;.<\/li>\n<li>W\u00e4hlen Sie die gew\u00fcnschte Stufe<\/li>\n<\/ol>\n<p><strong>Unter Safari<\/strong><\/p>\n<ol>\n<li>Klicken Sie auf das Men\u00fc &#8222;Safari&#8220;.<\/li>\n<li>Klicken Sie auf &#8222;Pr\u00e4ferenzen&#8220;.<\/li>\n<li>W\u00e4hlen Sie auf der Registerkarte &#8222;Sicherheit&#8220; die gew\u00fcnschte Stufe.<\/li>\n<\/ol>\n<p><strong>2\/Drittseiten<\/strong><\/p>\n<p>Unsere Website kann Links zu Partner-Websites und anderen Websites Dritter enthalten. Diese Websites k\u00f6nnen auch Links zu www.camping-lebellevue.fr enthalten. Wenn Sie auf einer dieser Websites surfen, sollten Sie deren Datenschutzrichtlinien \u00fcberpr\u00fcfen, bevor Sie Ihre pers\u00f6nlichen Daten an diese Websites weitergeben. Unsere Verantwortung endet, wenn Sie unsere Website verlassen.   <\/p>\n<p><strong>3\/Formulare<\/strong><\/p>\n<p>Einige der auf der Website angebotenen Formulare sind nicht obligatorisch. Es steht Ihnen frei, diese nicht auszuf\u00fcllen. Andere Formulare m\u00fcssen ausgef\u00fcllt werden, damit wir Ihre Anfrage beantworten k\u00f6nnen oder f\u00fcr Verwaltungszwecke. Wenn Sie das entsprechende K\u00e4stchen in jedem Formular ankreuzen, erkl\u00e4ren Sie sich damit einverstanden, dass die Firma Le Bellevue und ihre Partner sich das Recht vorbehalten, Ihre Daten f\u00fcr kommerzielle Zwecke zu verwenden. Die von Ihnen verlangten Informationen sind f\u00fcr Ihre Identifizierung unerl\u00e4sslich und erm\u00f6glichen den Zugang zu den angebotenen Dienstleistungen.    <\/p>\n<p>Wenn Sie Ihr E-Mail-Programm verwenden, geben Sie uns Ihre E-Mail-Adresse an. Gem\u00e4\u00df dem Gesetz vom 21. Juni 2004 \u00fcber das Vertrauen in die digitale Wirtschaft wird Ihre vorherige Zustimmung eingeholt, bevor wir Ihnen unsere Produkt- und Dienstleistungsangebote per E-Mail zusenden. <\/p>\n<p><strong>4\/Zugang zu Ihren Informationen<\/strong><\/p>\n<p>Die Website <a href=\"https:\/\/www.camping-lebellevue.fr\/\">https:\/\/www.camping-lebellevue.fr\/ <\/a>unterliegt der Einhaltung des franz\u00f6sischen Gesetzes vom 6. Januar 1978, &#8222;Informatique et libert\u00e9s&#8220; genannt. Sie wurde unter der Nummer 1970320V0 bei der Commission Nationale de l&#8217;Informatique et des Libert\u00e9s (Nationale Kommission f\u00fcr Informatik und Freiheiten) angemeldet. Gem\u00e4\u00df dem oben genannten Gesetz haben Sie ein Recht auf Zugang und Berichtigung, das Sie aus\u00fcben k\u00f6nnen, indem Sie uns schreiben an: Le Bellevue &#8211; Boulevard De Lattre De Tassigny &#8211; 85360 LA TRANCHE SUR MER &#8211; catherine.daunis@inticde.fr  <\/p>\n\t\t\t\t\t\t\t\t<\/div>\n\t\t\t\t<\/div>\n\t\t\t\t\t<\/div>\n\t\t\t\t<\/div>\n\t\t\t\t<\/div>\n\t\t","protected":false},"excerpt":{"rendered":"<p>Allgemeine Informationen Campingplatz Le Bellevue SARL mit einem Kapital von 10.000 \u20acSIRET: 892 292 160 00017Innergemeinschaftliche Mehrwertsteuer: FR84 892 292 160 00017 Hauptsitz:Le Bellevue***Boulevard De Lattre De Tassigny85360 LA TRANCHE SUR MER Ersteller der Website ist : Webagentur Naskigo24 avenue L\u00e9o Lagrange 79000 NIORTTel.: 05 46 46 85 57 Verantwortlich f\u00fcr die Redaktion: Catherine Daunis [&hellip;]<\/p>\n","protected":false},"author":1,"featured_media":8359,"parent":0,"menu_order":0,"comment_status":"closed","ping_status":"closed","template":"","meta":{"_acf_changed":false,"footnotes":""},"class_list":["post-8455","page","type-page","status-publish","has-post-thumbnail","hentry"],"acf":[],"yoast_head":"<title>Rechtliche Hinweise - Camping Bellevue<\/title>\n<meta name=\"robots\" content=\"index, follow, max-snippet:-1, max-image-preview:large, max-video-preview:-1\" \/>\n<link rel=\"canonical\" href=\"https:\/\/www.camping-lebellevue.fr\/de\/rechtliche-hinweise\/\" \/>\n<meta property=\"og:locale\" content=\"de_DE\" \/>\n<meta property=\"og:type\" content=\"article\" \/>\n<meta property=\"og:title\" content=\"Rechtliche Hinweise - Camping Bellevue\" \/>\n<meta property=\"og:description\" content=\"Allgemeine Informationen Campingplatz Le Bellevue SARL mit einem Kapital von 10.000 \u20acSIRET: 892 292 160 00017Innergemeinschaftliche Mehrwertsteuer: FR84 892 292 160 00017 Hauptsitz:Le Bellevue***Boulevard De Lattre De Tassigny85360 LA TRANCHE SUR MER Ersteller der Website ist : Webagentur Naskigo24 avenue L\u00e9o Lagrange 79000 NIORTTel.: 05 46 46 85 57 Verantwortlich f\u00fcr die Redaktion: Catherine Daunis [&hellip;]\" \/>\n<meta property=\"og:url\" content=\"https:\/\/www.camping-lebellevue.fr\/de\/rechtliche-hinweise\/\" \/>\n<meta property=\"og:site_name\" content=\"Camping Bellevue\" \/>\n<meta property=\"article:publisher\" content=\"https:\/\/www.facebook.com\/Le.Bellevue.Camping\/\" \/>\n<meta property=\"article:modified_time\" content=\"2025-01-13T16:18:56+00:00\" \/>\n<meta property=\"og:image\" content=\"https:\/\/www.camping-lebellevue.fr\/wp-content\/uploads\/2024\/12\/camping-le-bellevue-tranche-sur-mer-e1734528553771-1310x1080.jpg\" \/>\n\t<meta property=\"og:image:width\" content=\"1310\" \/>\n\t<meta property=\"og:image:height\" content=\"1220\" \/>\n\t<meta property=\"og:image:type\" content=\"image\/jpeg\" \/>\n<meta name=\"twitter:card\" content=\"summary_large_image\" \/>\n<meta name=\"twitter:label1\" content=\"Gesch\u00e4tzte Lesezeit\" \/>\n\t<meta name=\"twitter:data1\" content=\"4\u00a0Minuten\" \/>\n<script type=\"application\/ld+json\" class=\"yoast-schema-graph\">{\"@context\":\"https:\/\/schema.org\",\"@graph\":[{\"@type\":\"WebPage\",\"@id\":\"https:\/\/www.camping-lebellevue.fr\/de\/rechtliche-hinweise\/\",\"url\":\"https:\/\/www.camping-lebellevue.fr\/de\/rechtliche-hinweise\/\",\"name\":\"Rechtliche Hinweise - Camping Bellevue\",\"isPartOf\":{\"@id\":\"https:\/\/www.camping-lebellevue.fr\/de\/#website\"},\"primaryImageOfPage\":{\"@id\":\"https:\/\/www.camping-lebellevue.fr\/de\/rechtliche-hinweise\/#primaryimage\"},\"image\":{\"@id\":\"https:\/\/www.camping-lebellevue.fr\/de\/rechtliche-hinweise\/#primaryimage\"},\"thumbnailUrl\":\"https:\/\/www.camping-lebellevue.fr\/wp-content\/uploads\/2024\/12\/camping-le-bellevue-tranche-sur-mer-e1734528553771-1310x1080.jpg\",\"datePublished\":\"2024-12-13T09:02:33+00:00\",\"dateModified\":\"2025-01-13T16:18:56+00:00\",\"breadcrumb\":{\"@id\":\"https:\/\/www.camping-lebellevue.fr\/de\/rechtliche-hinweise\/#breadcrumb\"},\"inLanguage\":\"de\",\"potentialAction\":[{\"@type\":\"ReadAction\",\"target\":[\"https:\/\/www.camping-lebellevue.fr\/de\/rechtliche-hinweise\/\"]}]},{\"@type\":\"ImageObject\",\"inLanguage\":\"de\",\"@id\":\"https:\/\/www.camping-lebellevue.fr\/de\/rechtliche-hinweise\/#primaryimage\",\"url\":\"https:\/\/www.camping-lebellevue.fr\/wp-content\/uploads\/2024\/12\/camping-le-bellevue-tranche-sur-mer-e1734528553771-1310x1080.jpg\",\"contentUrl\":\"https:\/\/www.camping-lebellevue.fr\/wp-content\/uploads\/2024\/12\/camping-le-bellevue-tranche-sur-mer-e1734528553771-1310x1080.jpg\",\"width\":1310,\"height\":1220},{\"@type\":\"BreadcrumbList\",\"@id\":\"https:\/\/www.camping-lebellevue.fr\/de\/rechtliche-hinweise\/#breadcrumb\",\"itemListElement\":[{\"@type\":\"ListItem\",\"position\":1,\"name\":\"Accueil\",\"item\":\"https:\/\/www.camping-lebellevue.fr\/de\/decouvrir-la-tranche-sur-mer\/\"},{\"@type\":\"ListItem\",\"position\":2,\"name\":\"Rechtliche Hinweise\"}]},{\"@type\":\"WebSite\",\"@id\":\"https:\/\/www.camping-lebellevue.fr\/de\/#website\",\"url\":\"https:\/\/www.camping-lebellevue.fr\/de\/\",\"name\":\"Camping Bellevue\",\"description\":\"\",\"potentialAction\":[{\"@type\":\"SearchAction\",\"target\":{\"@type\":\"EntryPoint\",\"urlTemplate\":\"https:\/\/www.camping-lebellevue.fr\/de\/?s={search_term_string}\"},\"query-input\":{\"@type\":\"PropertyValueSpecification\",\"valueRequired\":true,\"valueName\":\"search_term_string\"}}],\"inLanguage\":\"de\"}]}<\/script>","yoast_head_json":{"title":"Rechtliche Hinweise - Camping Bellevue","robots":{"index":"index","follow":"follow","max-snippet":"max-snippet:-1","max-image-preview":"max-image-preview:large","max-video-preview":"max-video-preview:-1"},"canonical":"https:\/\/www.camping-lebellevue.fr\/de\/rechtliche-hinweise\/","og_locale":"de_DE","og_type":"article","og_title":"Rechtliche Hinweise - Camping Bellevue","og_description":"Allgemeine Informationen Campingplatz Le Bellevue SARL mit einem Kapital von 10.000 \u20acSIRET: 892 292 160 00017Innergemeinschaftliche Mehrwertsteuer: FR84 892 292 160 00017 Hauptsitz:Le Bellevue***Boulevard De Lattre De Tassigny85360 LA TRANCHE SUR MER Ersteller der Website ist : Webagentur Naskigo24 avenue L\u00e9o Lagrange 79000 NIORTTel.: 05 46 46 85 57 Verantwortlich f\u00fcr die Redaktion: Catherine Daunis [&hellip;]","og_url":"https:\/\/www.camping-lebellevue.fr\/de\/rechtliche-hinweise\/","og_site_name":"Camping Bellevue","article_publisher":"https:\/\/www.facebook.com\/Le.Bellevue.Camping\/","article_modified_time":"2025-01-13T16:18:56+00:00","og_image":[{"width":1310,"height":1220,"url":"https:\/\/www.camping-lebellevue.fr\/wp-content\/uploads\/2024\/12\/camping-le-bellevue-tranche-sur-mer-e1734528553771-1310x1080.jpg","type":"image\/jpeg"}],"twitter_card":"summary_large_image","twitter_misc":{"Gesch\u00e4tzte Lesezeit":"4\u00a0Minuten"},"schema":{"@context":"https:\/\/schema.org","@graph":[{"@type":"WebPage","@id":"https:\/\/www.camping-lebellevue.fr\/de\/rechtliche-hinweise\/","url":"https:\/\/www.camping-lebellevue.fr\/de\/rechtliche-hinweise\/","name":"Rechtliche Hinweise - Camping Bellevue","isPartOf":{"@id":"https:\/\/www.camping-lebellevue.fr\/de\/#website"},"primaryImageOfPage":{"@id":"https:\/\/www.camping-lebellevue.fr\/de\/rechtliche-hinweise\/#primaryimage"},"image":{"@id":"https:\/\/www.camping-lebellevue.fr\/de\/rechtliche-hinweise\/#primaryimage"},"thumbnailUrl":"https:\/\/www.camping-lebellevue.fr\/wp-content\/uploads\/2024\/12\/camping-le-bellevue-tranche-sur-mer-e1734528553771-1310x1080.jpg","datePublished":"2024-12-13T09:02:33+00:00","dateModified":"2025-01-13T16:18:56+00:00","breadcrumb":{"@id":"https:\/\/www.camping-lebellevue.fr\/de\/rechtliche-hinweise\/#breadcrumb"},"inLanguage":"de","potentialAction":[{"@type":"ReadAction","target":["https:\/\/www.camping-lebellevue.fr\/de\/rechtliche-hinweise\/"]}]},{"@type":"ImageObject","inLanguage":"de","@id":"https:\/\/www.camping-lebellevue.fr\/de\/rechtliche-hinweise\/#primaryimage","url":"https:\/\/www.camping-lebellevue.fr\/wp-content\/uploads\/2024\/12\/camping-le-bellevue-tranche-sur-mer-e1734528553771-1310x1080.jpg","contentUrl":"https:\/\/www.camping-lebellevue.fr\/wp-content\/uploads\/2024\/12\/camping-le-bellevue-tranche-sur-mer-e1734528553771-1310x1080.jpg","width":1310,"height":1220},{"@type":"BreadcrumbList","@id":"https:\/\/www.camping-lebellevue.fr\/de\/rechtliche-hinweise\/#breadcrumb","itemListElement":[{"@type":"ListItem","position":1,"name":"Accueil","item":"https:\/\/www.camping-lebellevue.fr\/de\/decouvrir-la-tranche-sur-mer\/"},{"@type":"ListItem","position":2,"name":"Rechtliche Hinweise"}]},{"@type":"WebSite","@id":"https:\/\/www.camping-lebellevue.fr\/de\/#website","url":"https:\/\/www.camping-lebellevue.fr\/de\/","name":"Camping Bellevue","description":"","potentialAction":[{"@type":"SearchAction","target":{"@type":"EntryPoint","urlTemplate":"https:\/\/www.camping-lebellevue.fr\/de\/?s={search_term_string}"},"query-input":{"@type":"PropertyValueSpecification","valueRequired":true,"valueName":"search_term_string"}}],"inLanguage":"de"}]}},"_links":{"self":[{"href":"https:\/\/www.camping-lebellevue.fr\/de\/wp-json\/wp\/v2\/pages\/8455","targetHints":{"allow":["GET"]}}],"collection":[{"href":"https:\/\/www.camping-lebellevue.fr\/de\/wp-json\/wp\/v2\/pages"}],"about":[{"href":"https:\/\/www.camping-lebellevue.fr\/de\/wp-json\/wp\/v2\/types\/page"}],"author":[{"embeddable":true,"href":"https:\/\/www.camping-lebellevue.fr\/de\/wp-json\/wp\/v2\/users\/1"}],"replies":[{"embeddable":true,"href":"https:\/\/www.camping-lebellevue.fr\/de\/wp-json\/wp\/v2\/comments?post=8455"}],"version-history":[{"count":1,"href":"https:\/\/www.camping-lebellevue.fr\/de\/wp-json\/wp\/v2\/pages\/8455\/revisions"}],"predecessor-version":[{"id":8457,"href":"https:\/\/www.camping-lebellevue.fr\/de\/wp-json\/wp\/v2\/pages\/8455\/revisions\/8457"}],"wp:featuredmedia":[{"embeddable":true,"href":"https:\/\/www.camping-lebellevue.fr\/de\/wp-json\/wp\/v2\/media\/8359"}],"wp:attachment":[{"href":"https:\/\/www.camping-lebellevue.fr\/de\/wp-json\/wp\/v2\/media?parent=8455"}],"curies":[{"name":"wp","href":"https:\/\/api.w.org\/{rel}","templated":true}]}}