{"id":9053,"date":"2025-08-19T16:00:37","date_gmt":"2025-08-19T14:00:37","guid":{"rendered":"https:\/\/www.camping-lebellevue.fr\/unsere-aufenthalte\/retraite-yoga\/"},"modified":"2025-09-08T10:50:30","modified_gmt":"2025-09-08T08:50:30","slug":"retraite-yoga","status":"publish","type":"page","link":"https:\/\/www.camping-lebellevue.fr\/de\/nos-sejours\/retraite-yoga\/","title":{"rendered":"Yoga-Retreat"},"content":{"rendered":"\t\t<div data-elementor-type=\"wp-page\" data-elementor-id=\"9053\" class=\"elementor elementor-9053 elementor-9028\" data-elementor-post-type=\"page\">\n\t\t\t\t<div class=\"elementor-element elementor-element-b457115 e-flex e-con-boxed e-con e-parent\" data-id=\"b457115\" data-element_type=\"container\" data-e-type=\"container\">\n\t\t\t\t\t<div class=\"e-con-inner\">\n\t\t\t\t<div class=\"elementor-element elementor-element-732a1fd elementor-widget elementor-widget-heading\" data-id=\"732a1fd\" data-element_type=\"widget\" data-e-type=\"widget\" data-widget_type=\"heading.default\">\n\t\t\t\t<div class=\"elementor-widget-container\">\n\t\t\t\t\t<h2 class=\"elementor-heading-title elementor-size-default\">Ihr Yoga-Retreat in Bellevue<\/h2>\t\t\t\t<\/div>\n\t\t\t\t<\/div>\n\t\t\t\t\t<\/div>\n\t\t\t\t<\/div>\n\t\t<div class=\"elementor-element elementor-element-a3b881f e-flex e-con-boxed e-con e-parent\" data-id=\"a3b881f\" data-element_type=\"container\" data-e-type=\"container\">\n\t\t\t\t\t<div class=\"e-con-inner\">\n\t\t\t\t<div class=\"elementor-element elementor-element-8ae6154 elementor-widget elementor-widget-text-editor\" data-id=\"8ae6154\" data-element_type=\"widget\" data-e-type=\"widget\" data-widget_type=\"text-editor.default\">\n\t\t\t\t<div class=\"elementor-widget-container\">\n\t\t\t\t\t\t\t\t\t<h2>Eine zeitlose Klammer mit Blick auf den Ozean<\/h2>\t\t\t\t\t\t\t\t<\/div>\n\t\t\t\t<\/div>\n\t\t\t\t\t<\/div>\n\t\t\t\t<\/div>\n\t\t<div class=\"elementor-element elementor-element-d0ef81c e-flex e-con-boxed e-con e-parent\" data-id=\"d0ef81c\" data-element_type=\"container\" data-e-type=\"container\">\n\t\t\t\t\t<div class=\"e-con-inner\">\n\t\t<div class=\"elementor-element elementor-element-43cadff e-con-full e-flex e-con e-child\" data-id=\"43cadff\" data-element_type=\"container\" data-e-type=\"container\">\n\t\t\t\t<div class=\"elementor-element elementor-element-623f12c elementor-widget elementor-widget-image\" data-id=\"623f12c\" data-element_type=\"widget\" data-e-type=\"widget\" data-widget_type=\"image.default\">\n\t\t\t\t<div class=\"elementor-widget-container\">\n\t\t\t\t\t\t\t\t\t\t\t\t\t\t\t<img decoding=\"async\" src=\"https:\/\/www.camping-lebellevue.fr\/wp-content\/uploads\/elementor\/thumbs\/Retraite-yoga-face-a-la-mer-Bellevue-2025-1-rahmvbq8ehga63mb83st9koejuyfdlfec91gi50q1k.jpg\" title=\"Retraite yoga face \u00e0 la mer &#8211; Bellevue 2025\" alt=\"Retraite yoga face \u00e0 la mer - Bellevue 2025\" loading=\"lazy\" \/>\t\t\t\t\t\t\t\t\t\t\t\t\t\t\t<\/div>\n\t\t\t\t<\/div>\n\t\t\t\t<\/div>\n\t\t<div class=\"elementor-element elementor-element-ab22427 e-con-full e-flex e-con e-child\" data-id=\"ab22427\" data-element_type=\"container\" data-e-type=\"container\">\n\t\t\t\t<div class=\"elementor-element elementor-element-e63b50c elementor-widget elementor-widget-text-editor\" data-id=\"e63b50c\" data-element_type=\"widget\" data-e-type=\"widget\" data-widget_type=\"text-editor.default\">\n\t\t\t\t<div class=\"elementor-widget-container\">\n\t\t\t\t\t\t\t\t\t<h3>\ud83c\udf05 Ein Wochenende, um sich zu erholen<\/h3><p>Von <strong data-start=\"431\" data-end=\"481\">Freitagabend, den 26. bis Sonntag, den 28. September 2025<\/strong> \u00f6ffnet der <strong data-start=\"486\" data-end=\"509\">Campingplatz Le Bellevue<\/strong> in La Tranche-sur-Mer seine T\u00fcren f\u00fcr ein einzigartiges Erlebnis: ein <strong data-start=\"586\" data-end=\"603\">Yoga-Retreat<\/strong>, bei dem es darum geht, sich zu verlangsamen, zu atmen und sich um sich selbst zu k\u00fcmmern.<\/p><p data-start=\"662\" data-end=\"763\">Zwischen Ozean, Natur und Ruhe ist alles vereint, um Ihnen einen Moment der Ausgeglichenheit und Gelassenheit zu bieten.<\/p><h3>\ud83e\uddd8\u200d\u2640\ufe0f Auf dem Programm Ihres Aufenthalts<\/h3><ul data-start=\"1337\" data-end=\"1468\"><li data-start=\"810\" data-end=\"898\"><p data-start=\"812\" data-end=\"898\"><strong data-start=\"812\" data-end=\"862\">Yogastunden f\u00fcr alle Niveaus<\/strong>, angeleitet von <em data-start=\"876\" data-end=\"882\">Maud<\/em> (Yoga Vend\u00e9e)<\/p><\/li><li data-start=\"899\" data-end=\"963\"><p data-start=\"901\" data-end=\"963\"><strong data-start=\"901\" data-end=\"923\">Entspannungsmomente<\/strong> am Meer und Spazierg\u00e4nge an der frischen Luft<\/p><\/li><li data-start=\"964\" data-end=\"1055\"><p data-start=\"966\" data-end=\"1055\"><strong data-start=\"966\" data-end=\"994\">Gesunde und leckere Mahlzeiten<\/strong>, die von <em data-start=\"1008\" data-end=\"1015\">Debby<\/em> mit frischen und ausgewogenen Produkten zubereitet werden.<\/p><\/li><li data-start=\"1056\" data-end=\"1133\"><p data-start=\"1058\" data-end=\"1133\"><strong>Eine einzigartige Umgebung<\/strong> <strong>am Meer<\/strong>: Bellevue, 3\u2605-Campingplatz mit Zen-Atmosph\u00e4re und Herzlichkeit<\/p><\/li><\/ul>\t\t\t\t\t\t\t\t<\/div>\n\t\t\t\t<\/div>\n\t\t\t\t<\/div>\n\t\t\t\t\t<\/div>\n\t\t\t\t<\/div>\n\t\t<div class=\"elementor-element elementor-element-8b6431c e-flex e-con-boxed e-con e-parent\" data-id=\"8b6431c\" data-element_type=\"container\" data-e-type=\"container\">\n\t\t\t\t\t<div class=\"e-con-inner\">\n\t\t<div class=\"elementor-element elementor-element-8ac2390 e-con-full e-flex e-con e-child\" data-id=\"8ac2390\" data-element_type=\"container\" data-e-type=\"container\">\n\t\t<div class=\"elementor-element elementor-element-11f80f0 e-con-full e-flex e-con e-child\" data-id=\"11f80f0\" data-element_type=\"container\" data-e-type=\"container\">\n\t\t\t\t<div class=\"elementor-element elementor-element-d196459 elementor-widget elementor-widget-heading\" data-id=\"d196459\" data-element_type=\"widget\" data-e-type=\"widget\" data-widget_type=\"heading.default\">\n\t\t\t\t<div class=\"elementor-widget-container\">\n\t\t\t\t\t<h2 class=\"elementor-heading-title elementor-size-default\">Unterkunft<\/h2>\t\t\t\t<\/div>\n\t\t\t\t<\/div>\n\t\t\t\t<div class=\"elementor-element elementor-element-1c9f812 elementor-widget-mobile__width-initial elementor-widget elementor-widget-text-editor\" data-id=\"1c9f812\" data-element_type=\"widget\" data-e-type=\"widget\" data-widget_type=\"text-editor.default\">\n\t\t\t\t<div class=\"elementor-widget-container\">\n\t\t\t\t\t\t\t\t\t<p>Sie werden in unseren komfortablen und hellen <strong data-start=\"1188\" data-end=\"1218\">Cosy Cottages mit Meerblick<\/strong> untergebracht.<br data-start=\"1245\" data-end=\"1248\">Wachen Sie jeden Morgen mit dem Ozean als Horizont auf.<\/p><p data-start=\"1310\" data-end=\"1336\"><strong data-start=\"1310\" data-end=\"1334\">Angebotene Formeln :<\/strong><\/p><ul data-start=\"1337\" data-end=\"1468\"><li data-start=\"1337\" data-end=\"1398\">Cottage Cosy mit Meerblick &#8211; <strong>1 Zimmer Angebot f\u00fcr Duo &#8211; (2pers)<\/strong>:<strong> 330\u20ac\/pers<\/strong><\/li><li>Cottage Cosy mit Meerblick &#8211; <strong data-start=\"1362\" data-end=\"1384\">1 Schlafzimmer (1 pax)<\/strong>: <strong data-start=\"1387\" data-end=\"1396\">400 \u20ac.<\/strong><\/li><li>Cottage Cosy mit Meerblick &#8211; <strong data-start=\"1424\" data-end=\"1447\">2 Schlafzimmer, 2 B\u00e4der (2 pax)<\/strong>: <strong data-start=\"1450\" data-end=\"1466\">340 \u20ac \/ pers<\/strong><\/li><\/ul><div><span style=\"font-family: Qualion-DemiBold;\"><b> <\/b><\/span><\/div><div><h3 data-start=\"1475\" data-end=\"1509\">In Ihrem Ruhestand enthalten<\/h3><ul><li data-start=\"1510\" data-end=\"1696\">2 N\u00e4chte in einem Cosy Cottage mit Meerblick<\/li><li data-start=\"1510\" data-end=\"1696\">4 Mahlzeiten + Fr\u00fchst\u00fcck<\/li><li data-start=\"1510\" data-end=\"1696\">Alle Yogapraktiken (alle Niveaus akzeptiert)<\/li><\/ul><\/div>\t\t\t\t\t\t\t\t<\/div>\n\t\t\t\t<\/div>\n\t\t\t\t<\/div>\n\t\t\t\t<\/div>\n\t\t\t\t<div class=\"elementor-element elementor-element-49e4c2f elementor-widget elementor-widget-image\" data-id=\"49e4c2f\" data-element_type=\"widget\" data-e-type=\"widget\" data-widget_type=\"image.default\">\n\t\t\t\t<div class=\"elementor-widget-container\">\n\t\t\t\t\t\t\t\t\t\t\t\t\t\t\t<img decoding=\"async\" src=\"https:\/\/www.camping-lebellevue.fr\/wp-content\/uploads\/elementor\/thumbs\/gamme-cosy-vue-mer-qyndk48gatctrqohrlwjtgsbewa8br91liea5x8z2g.jpg\" title=\"gamme-cosy-vue-mer\" alt=\"gamme-cosy-vue-mer\" loading=\"lazy\" \/>\t\t\t\t\t\t\t\t\t\t\t\t\t\t\t<\/div>\n\t\t\t\t<\/div>\n\t\t\t\t\t<\/div>\n\t\t\t\t<\/div>\n\t\t<div class=\"elementor-element elementor-element-b289f03 e-flex e-con-boxed e-con e-parent\" data-id=\"b289f03\" data-element_type=\"container\" data-e-type=\"container\">\n\t\t\t\t\t<div class=\"e-con-inner\">\n\t\t\t\t<div class=\"elementor-element elementor-element-b76ad04 elementor-widget elementor-widget-text-editor\" data-id=\"b76ad04\" data-element_type=\"widget\" data-e-type=\"widget\" data-widget_type=\"text-editor.default\">\n\t\t\t\t<div class=\"elementor-widget-container\">\n\t\t\t\t\t\t\t\t\t<h3 data-start=\"2069\" data-end=\"2110\">G\u00f6nnen Sie sich eine Blase der Gelassenheit<\/h3>\n<p data-start=\"2111\" data-end=\"2328\">Dieses Retreat ist die perfekte Gelegenheit, um sich vor der Ankunft des Herbstes einen Moment nur f\u00fcr sich selbst zu g\u00f6nnen.<br data-start=\"2222\" data-end=\"2225\">Zwischen Himmel und Meer, Yoga und Gaumenfreuden, erleben Sie eine einzigartige Erfahrung auf dem <strong data-start=\"2302\" data-end=\"2325\">Campingplatz Le Bellevue<\/strong>.<\/p>\n<h3 data-start=\"1856\" data-end=\"1897\">&nbsp;<\/h3>\n<h3 data-start=\"1856\" data-end=\"1897\">Buchen Sie Ihr Wellness-Wochenende<\/h3>\n<p data-start=\"1898\" data-end=\"1956\">\ud83d\udc49 Die Anmeldung erfolgt telefonisch oder per E-Mail:<\/p>\n<p data-start=\"1959\" data-end=\"1983\">\ud83d\udcde 02 53 59 25 81<\/p>\n<p data-start=\"1986\" data-end=\"2006\">\u2709\ufe0f contact@camping-lebellevue.fr&nbsp;<\/p>\n<p data-start=\"2008\" data-end=\"2062\">Buchen Sie schnell: Die Pl\u00e4tze sind schnell vergeben!<\/p>\t\t\t\t\t\t\t\t<\/div>\n\t\t\t\t<\/div>\n\t\t<div class=\"elementor-element elementor-element-c4b621a e-con-full e-flex e-con e-child\" data-id=\"c4b621a\" data-element_type=\"container\" data-e-type=\"container\">\n\t\t\t\t<div class=\"elementor-element elementor-element-e0724f1 elementor-widget elementor-widget-text-editor\" data-id=\"e0724f1\" data-element_type=\"widget\" data-e-type=\"widget\" data-widget_type=\"text-editor.default\">\n\t\t\t\t<div class=\"elementor-widget-container\">\n\t\t\t\t\t\t\t\t\t<h3>Anmeldeformular<\/h3><p>Nach Erhalt Ihrer Anfrage werden wir Sie per E-Mail kontaktieren, um die Buchung abzuschlie\u00dfen und die Zahlung zu veranlassen.<\/p>\t\t\t\t\t\t\t\t<\/div>\n\t\t\t\t<\/div>\n\t\t\t\t<div class=\"elementor-element elementor-element-f4d334d elementor-button-align-stretch elementor-widget elementor-widget-form\" data-id=\"f4d334d\" data-element_type=\"widget\" data-e-type=\"widget\" data-settings=\"{&quot;step_next_label&quot;:&quot;Weiter zu&quot;,&quot;step_previous_label&quot;:&quot;Vorherige&quot;,&quot;button_width&quot;:&quot;100&quot;,&quot;step_type&quot;:&quot;number_text&quot;,&quot;step_icon_shape&quot;:&quot;circle&quot;}\" data-widget_type=\"form.default\">\n\t\t\t\t<div class=\"elementor-widget-container\">\n\t\t\t\t\t\t\t<form class=\"elementor-form\" method=\"post\" id=\"2_yoga\" name=\"Neues Formular\" aria-label=\"Neues Formular\">\n\t\t\t<input type=\"hidden\" name=\"post_id\" value=\"9053\"\/>\n\t\t\t<input type=\"hidden\" name=\"form_id\" value=\"f4d334d\"\/>\n\t\t\t<input type=\"hidden\" name=\"referer_title\" value=\"Camping Bellevue\" \/>\n\n\t\t\t\n\t\t\t<div class=\"elementor-form-fields-wrapper elementor-labels-above\">\n\t\t\t\t\t\t\t\t<div class=\"elementor-field-type-text elementor-field-group elementor-column elementor-field-group-name elementor-col-100\">\n\t\t\t\t\t\t\t\t\t\t\t\t<label for=\"form-field-name\" class=\"elementor-field-label\">\n\t\t\t\t\t\t\t\tName\t\t\t\t\t\t\t<\/label>\n\t\t\t\t\t\t\t\t\t\t\t\t\t\t<input size=\"1\" type=\"text\" name=\"form_fields[name]\" id=\"form-field-name\" class=\"elementor-field elementor-size-sm  elementor-field-textual\" placeholder=\"Name\">\n\t\t\t\t\t\t\t\t\t\t\t<\/div>\n\t\t\t\t\t\t\t\t<div class=\"elementor-field-type-text elementor-field-group elementor-column elementor-field-group-field_5c88956 elementor-col-100\">\n\t\t\t\t\t\t\t\t\t\t\t\t<label for=\"form-field-field_5c88956\" class=\"elementor-field-label\">\n\t\t\t\t\t\t\t\tVorname\t\t\t\t\t\t\t<\/label>\n\t\t\t\t\t\t\t\t\t\t\t\t\t\t<input size=\"1\" type=\"text\" name=\"form_fields[field_5c88956]\" id=\"form-field-field_5c88956\" class=\"elementor-field elementor-size-sm  elementor-field-textual\" placeholder=\"Vorname\">\n\t\t\t\t\t\t\t\t\t\t\t<\/div>\n\t\t\t\t\t\t\t\t<div class=\"elementor-field-type-email elementor-field-group elementor-column elementor-field-group-email elementor-col-100 elementor-field-required\">\n\t\t\t\t\t\t\t\t\t\t\t\t<label for=\"form-field-email\" class=\"elementor-field-label\">\n\t\t\t\t\t\t\t\tE-Mail\t\t\t\t\t\t\t<\/label>\n\t\t\t\t\t\t\t\t\t\t\t\t\t\t<input size=\"1\" type=\"email\" name=\"form_fields[email]\" id=\"form-field-email\" class=\"elementor-field elementor-size-sm  elementor-field-textual\" placeholder=\"E-Mail\" required=\"required\">\n\t\t\t\t\t\t\t\t\t\t\t<\/div>\n\t\t\t\t\t\t\t\t<div class=\"elementor-field-type-text elementor-field-group elementor-column elementor-field-group-field_cfefe1f elementor-col-100\">\n\t\t\t\t\t\t\t\t\t\t\t\t<label for=\"form-field-field_cfefe1f\" class=\"elementor-field-label\">\n\t\t\t\t\t\t\t\tAnzahl der Personen\t\t\t\t\t\t\t<\/label>\n\t\t\t\t\t\t\t\t\t\t\t\t\t\t<input size=\"1\" type=\"text\" name=\"form_fields[field_cfefe1f]\" id=\"form-field-field_cfefe1f\" class=\"elementor-field elementor-size-sm  elementor-field-textual\">\n\t\t\t\t\t\t\t\t\t\t\t<\/div>\n\t\t\t\t\t\t\t\t<div class=\"elementor-field-type-textarea elementor-field-group elementor-column elementor-field-group-message elementor-col-100\">\n\t\t\t\t\t\t\t\t\t\t\t\t<label for=\"form-field-message\" class=\"elementor-field-label\">\n\t\t\t\t\t\t\t\tNachricht\t\t\t\t\t\t\t<\/label>\n\t\t\t\t\t\t<textarea class=\"elementor-field-textual elementor-field  elementor-size-sm\" name=\"form_fields[message]\" id=\"form-field-message\" rows=\"4\" placeholder=\"Nachricht\"><\/textarea>\t\t\t\t<\/div>\n\t\t\t\t\t\t\t\t<div class=\"elementor-field-group elementor-column elementor-field-type-submit elementor-col-100 e-form__buttons\">\n\t\t\t\t\t<button class=\"elementor-button elementor-size-sm\" type=\"submit\">\n\t\t\t\t\t\t<span class=\"elementor-button-content-wrapper\">\n\t\t\t\t\t\t\t\t\t\t\t\t\t\t\t\t\t\t\t\t\t\t<span class=\"elementor-button-text\">Senden Sie<\/span>\n\t\t\t\t\t\t\t\t\t\t\t\t\t<\/span>\n\t\t\t\t\t<\/button>\n\t\t\t\t<\/div>\n\t\t\t<\/div>\n\t\t<\/form>\n\t\t\t\t\t\t<\/div>\n\t\t\t\t<\/div>\n\t\t\t\t<\/div>\n\t\t\t\t\t<\/div>\n\t\t\t\t<\/div>\n\t\t\t\t<\/div>\n\t\t","protected":false},"excerpt":{"rendered":"<p>Ihr Yoga-Retreat in Bellevue Eine zeitlose Klammer mit Blick auf den Ozean \ud83c\udf05 Ein Wochenende, um sich zu erholen Von Freitagabend, den 26. bis Sonntag, den 28. September 2025 \u00f6ffnet der Campingplatz Le Bellevue in La Tranche-sur-Mer seine T\u00fcren f\u00fcr ein einzigartiges Erlebnis: ein Yoga-Retreat, bei dem es darum geht, sich zu verlangsamen, zu atmen [&hellip;]<\/p>\n","protected":false},"author":2,"featured_media":9035,"parent":8241,"menu_order":0,"comment_status":"closed","ping_status":"closed","template":"","meta":{"_acf_changed":false,"footnotes":""},"class_list":["post-9053","page","type-page","status-publish","has-post-thumbnail","hentry"],"acf":[],"yoast_head":"<title>Yoga-Retreat - Camping Bellevue<\/title>\n<meta name=\"description\" content=\"Vom 26. bis 28. September 2025, Yoga-Retreat auf dem Campingplatz Le Bellevue. Verlangsamen, atmen, sich erholen, Yoga-Retreat f\u00fcr alle Niveaus.\" \/>\n<meta name=\"robots\" content=\"index, follow, max-snippet:-1, max-image-preview:large, max-video-preview:-1\" \/>\n<link rel=\"canonical\" href=\"https:\/\/www.camping-lebellevue.fr\/de\/nos-sejours\/retraite-yoga\/\" \/>\n<meta property=\"og:locale\" content=\"de_DE\" \/>\n<meta property=\"og:type\" content=\"article\" \/>\n<meta property=\"og:title\" content=\"Yoga-Retreat - Camping Bellevue\" \/>\n<meta property=\"og:description\" content=\"Vom 26. bis 28. September 2025, Yoga-Retreat auf dem Campingplatz Le Bellevue. Verlangsamen, atmen, sich erholen, Yoga-Retreat f\u00fcr alle Niveaus.\" \/>\n<meta property=\"og:url\" content=\"https:\/\/www.camping-lebellevue.fr\/de\/nos-sejours\/retraite-yoga\/\" \/>\n<meta property=\"og:site_name\" content=\"Camping Bellevue\" \/>\n<meta property=\"article:publisher\" content=\"https:\/\/www.facebook.com\/Le.Bellevue.Camping\/\" \/>\n<meta property=\"article:modified_time\" content=\"2025-09-08T08:50:30+00:00\" \/>\n<meta property=\"og:image\" content=\"https:\/\/www.camping-lebellevue.fr\/wp-content\/uploads\/2025\/08\/RETRAITE-YOGA-1-1080x1080.png\" \/>\n\t<meta property=\"og:image:width\" content=\"1080\" \/>\n\t<meta property=\"og:image:height\" content=\"1350\" \/>\n\t<meta property=\"og:image:type\" content=\"image\/png\" \/>\n<meta name=\"twitter:card\" content=\"summary_large_image\" \/>\n<meta name=\"twitter:label1\" content=\"Gesch\u00e4tzte Lesezeit\" \/>\n\t<meta name=\"twitter:data1\" content=\"1\u00a0Minute\" \/>\n<script type=\"application\/ld+json\" class=\"yoast-schema-graph\">{\"@context\":\"https:\/\/schema.org\",\"@graph\":[{\"@type\":\"WebPage\",\"@id\":\"https:\/\/www.camping-lebellevue.fr\/de\/nos-sejours\/retraite-yoga\/\",\"url\":\"https:\/\/www.camping-lebellevue.fr\/de\/nos-sejours\/retraite-yoga\/\",\"name\":\"Yoga-Retreat - Camping Bellevue\",\"isPartOf\":{\"@id\":\"https:\/\/www.camping-lebellevue.fr\/de\/#website\"},\"primaryImageOfPage\":{\"@id\":\"https:\/\/www.camping-lebellevue.fr\/de\/nos-sejours\/retraite-yoga\/#primaryimage\"},\"image\":{\"@id\":\"https:\/\/www.camping-lebellevue.fr\/de\/nos-sejours\/retraite-yoga\/#primaryimage\"},\"thumbnailUrl\":\"https:\/\/www.camping-lebellevue.fr\/wp-content\/uploads\/2025\/08\/RETRAITE-YOGA-1-1080x1080.png\",\"datePublished\":\"2025-08-19T14:00:37+00:00\",\"dateModified\":\"2025-09-08T08:50:30+00:00\",\"description\":\"Vom 26. bis 28. September 2025, Yoga-Retreat auf dem Campingplatz Le Bellevue. Verlangsamen, atmen, sich erholen, Yoga-Retreat f\u00fcr alle Niveaus.\",\"breadcrumb\":{\"@id\":\"https:\/\/www.camping-lebellevue.fr\/de\/nos-sejours\/retraite-yoga\/#breadcrumb\"},\"inLanguage\":\"de\",\"potentialAction\":[{\"@type\":\"ReadAction\",\"target\":[\"https:\/\/www.camping-lebellevue.fr\/de\/nos-sejours\/retraite-yoga\/\"]}]},{\"@type\":\"ImageObject\",\"inLanguage\":\"de\",\"@id\":\"https:\/\/www.camping-lebellevue.fr\/de\/nos-sejours\/retraite-yoga\/#primaryimage\",\"url\":\"https:\/\/www.camping-lebellevue.fr\/wp-content\/uploads\/2025\/08\/RETRAITE-YOGA-1-1080x1080.png\",\"contentUrl\":\"https:\/\/www.camping-lebellevue.fr\/wp-content\/uploads\/2025\/08\/RETRAITE-YOGA-1-1080x1080.png\",\"width\":1080,\"height\":1350},{\"@type\":\"BreadcrumbList\",\"@id\":\"https:\/\/www.camping-lebellevue.fr\/de\/nos-sejours\/retraite-yoga\/#breadcrumb\",\"itemListElement\":[{\"@type\":\"ListItem\",\"position\":1,\"name\":\"Accueil\",\"item\":\"https:\/\/www.camping-lebellevue.fr\/de\/decouvrir-la-tranche-sur-mer\/\"},{\"@type\":\"ListItem\",\"position\":2,\"name\":\"Unsere Aufenthalte\",\"item\":\"https:\/\/www.camping-lebellevue.fr\/de\/nos-sejours\/\"},{\"@type\":\"ListItem\",\"position\":3,\"name\":\"Yoga-Retreat\"}]},{\"@type\":\"WebSite\",\"@id\":\"https:\/\/www.camping-lebellevue.fr\/de\/#website\",\"url\":\"https:\/\/www.camping-lebellevue.fr\/de\/\",\"name\":\"Camping Bellevue\",\"description\":\"\",\"potentialAction\":[{\"@type\":\"SearchAction\",\"target\":{\"@type\":\"EntryPoint\",\"urlTemplate\":\"https:\/\/www.camping-lebellevue.fr\/de\/?s={search_term_string}\"},\"query-input\":{\"@type\":\"PropertyValueSpecification\",\"valueRequired\":true,\"valueName\":\"search_term_string\"}}],\"inLanguage\":\"de\"}]}<\/script>","yoast_head_json":{"title":"Yoga-Retreat - Camping Bellevue","description":"Vom 26. bis 28. September 2025, Yoga-Retreat auf dem Campingplatz Le Bellevue. Verlangsamen, atmen, sich erholen, Yoga-Retreat f\u00fcr alle Niveaus.","robots":{"index":"index","follow":"follow","max-snippet":"max-snippet:-1","max-image-preview":"max-image-preview:large","max-video-preview":"max-video-preview:-1"},"canonical":"https:\/\/www.camping-lebellevue.fr\/de\/nos-sejours\/retraite-yoga\/","og_locale":"de_DE","og_type":"article","og_title":"Yoga-Retreat - Camping Bellevue","og_description":"Vom 26. bis 28. September 2025, Yoga-Retreat auf dem Campingplatz Le Bellevue. Verlangsamen, atmen, sich erholen, Yoga-Retreat f\u00fcr alle Niveaus.","og_url":"https:\/\/www.camping-lebellevue.fr\/de\/nos-sejours\/retraite-yoga\/","og_site_name":"Camping Bellevue","article_publisher":"https:\/\/www.facebook.com\/Le.Bellevue.Camping\/","article_modified_time":"2025-09-08T08:50:30+00:00","og_image":[{"width":1080,"height":1350,"url":"https:\/\/www.camping-lebellevue.fr\/wp-content\/uploads\/2025\/08\/RETRAITE-YOGA-1-1080x1080.png","type":"image\/png"}],"twitter_card":"summary_large_image","twitter_misc":{"Gesch\u00e4tzte Lesezeit":"1\u00a0Minute"},"schema":{"@context":"https:\/\/schema.org","@graph":[{"@type":"WebPage","@id":"https:\/\/www.camping-lebellevue.fr\/de\/nos-sejours\/retraite-yoga\/","url":"https:\/\/www.camping-lebellevue.fr\/de\/nos-sejours\/retraite-yoga\/","name":"Yoga-Retreat - Camping Bellevue","isPartOf":{"@id":"https:\/\/www.camping-lebellevue.fr\/de\/#website"},"primaryImageOfPage":{"@id":"https:\/\/www.camping-lebellevue.fr\/de\/nos-sejours\/retraite-yoga\/#primaryimage"},"image":{"@id":"https:\/\/www.camping-lebellevue.fr\/de\/nos-sejours\/retraite-yoga\/#primaryimage"},"thumbnailUrl":"https:\/\/www.camping-lebellevue.fr\/wp-content\/uploads\/2025\/08\/RETRAITE-YOGA-1-1080x1080.png","datePublished":"2025-08-19T14:00:37+00:00","dateModified":"2025-09-08T08:50:30+00:00","description":"Vom 26. bis 28. September 2025, Yoga-Retreat auf dem Campingplatz Le Bellevue. Verlangsamen, atmen, sich erholen, Yoga-Retreat f\u00fcr alle Niveaus.","breadcrumb":{"@id":"https:\/\/www.camping-lebellevue.fr\/de\/nos-sejours\/retraite-yoga\/#breadcrumb"},"inLanguage":"de","potentialAction":[{"@type":"ReadAction","target":["https:\/\/www.camping-lebellevue.fr\/de\/nos-sejours\/retraite-yoga\/"]}]},{"@type":"ImageObject","inLanguage":"de","@id":"https:\/\/www.camping-lebellevue.fr\/de\/nos-sejours\/retraite-yoga\/#primaryimage","url":"https:\/\/www.camping-lebellevue.fr\/wp-content\/uploads\/2025\/08\/RETRAITE-YOGA-1-1080x1080.png","contentUrl":"https:\/\/www.camping-lebellevue.fr\/wp-content\/uploads\/2025\/08\/RETRAITE-YOGA-1-1080x1080.png","width":1080,"height":1350},{"@type":"BreadcrumbList","@id":"https:\/\/www.camping-lebellevue.fr\/de\/nos-sejours\/retraite-yoga\/#breadcrumb","itemListElement":[{"@type":"ListItem","position":1,"name":"Accueil","item":"https:\/\/www.camping-lebellevue.fr\/de\/decouvrir-la-tranche-sur-mer\/"},{"@type":"ListItem","position":2,"name":"Unsere Aufenthalte","item":"https:\/\/www.camping-lebellevue.fr\/de\/nos-sejours\/"},{"@type":"ListItem","position":3,"name":"Yoga-Retreat"}]},{"@type":"WebSite","@id":"https:\/\/www.camping-lebellevue.fr\/de\/#website","url":"https:\/\/www.camping-lebellevue.fr\/de\/","name":"Camping Bellevue","description":"","potentialAction":[{"@type":"SearchAction","target":{"@type":"EntryPoint","urlTemplate":"https:\/\/www.camping-lebellevue.fr\/de\/?s={search_term_string}"},"query-input":{"@type":"PropertyValueSpecification","valueRequired":true,"valueName":"search_term_string"}}],"inLanguage":"de"}]}},"_links":{"self":[{"href":"https:\/\/www.camping-lebellevue.fr\/de\/wp-json\/wp\/v2\/pages\/9053","targetHints":{"allow":["GET"]}}],"collection":[{"href":"https:\/\/www.camping-lebellevue.fr\/de\/wp-json\/wp\/v2\/pages"}],"about":[{"href":"https:\/\/www.camping-lebellevue.fr\/de\/wp-json\/wp\/v2\/types\/page"}],"author":[{"embeddable":true,"href":"https:\/\/www.camping-lebellevue.fr\/de\/wp-json\/wp\/v2\/users\/2"}],"replies":[{"embeddable":true,"href":"https:\/\/www.camping-lebellevue.fr\/de\/wp-json\/wp\/v2\/comments?post=9053"}],"version-history":[{"count":3,"href":"https:\/\/www.camping-lebellevue.fr\/de\/wp-json\/wp\/v2\/pages\/9053\/revisions"}],"predecessor-version":[{"id":9073,"href":"https:\/\/www.camping-lebellevue.fr\/de\/wp-json\/wp\/v2\/pages\/9053\/revisions\/9073"}],"up":[{"embeddable":true,"href":"https:\/\/www.camping-lebellevue.fr\/de\/wp-json\/wp\/v2\/pages\/8241"}],"wp:featuredmedia":[{"embeddable":true,"href":"https:\/\/www.camping-lebellevue.fr\/de\/wp-json\/wp\/v2\/media\/9035"}],"wp:attachment":[{"href":"https:\/\/www.camping-lebellevue.fr\/de\/wp-json\/wp\/v2\/media?parent=9053"}],"curies":[{"name":"wp","href":"https:\/\/api.w.org\/{rel}","templated":true}]}}